{"id":46963,"date":"2019-02-15T13:47:38","date_gmt":"2019-02-15T10:47:38","guid":{"rendered":"https:\/\/ramrolf.eu\/product\/new-product-2\/"},"modified":"2019-02-18T12:13:10","modified_gmt":"2019-02-18T09:13:10","slug":"korektors-pildspalva-forpus-7-ml","status":"publish","type":"product","link":"https:\/\/ramrolf.lv\/lv\/product\/korektors-pildspalva-forpus-7-ml\/","title":{"rendered":"Korektors-pildspalva FORPUS 7 ml"},"content":{"rendered":"","protected":false},"excerpt":{"rendered":"<p>Korektors-pildspalva ar met\u0101la raksto\u0161o galu. \u012apa\u0161i \u0113rts punktu korekcijai. \u0100tri \u017e\u016bsto\u0161s. Bumbi\u0146a iek\u0161pus\u0113 lieliski izmaisa \u0161\u0137idrumu.<\/p>\n","protected":false},"featured_media":46969,"template":"","meta":[],"product_cat":[917],"product_tag":[],"_links":{"self":[{"href":"https:\/\/ramrolf.lv\/lv\/wp-json\/wp\/v2\/product\/46963"}],"collection":[{"href":"https:\/\/ramrolf.lv\/lv\/wp-json\/wp\/v2\/product"}],"about":[{"href":"https:\/\/ramrolf.lv\/lv\/wp-json\/wp\/v2\/types\/product"}],"wp:featuredmedia":[{"embeddable":true,"href":"https:\/\/ramrolf.lv\/lv\/wp-json\/wp\/v2\/media\/46969"}],"wp:attachment":[{"href":"https:\/\/ramrolf.lv\/lv\/wp-json\/wp\/v2\/media?parent=46963"}],"wp:term":[{"taxonomy":"product_cat","embeddable":true,"href":"https:\/\/ramrolf.lv\/lv\/wp-json\/wp\/v2\/product_cat?post=46963"},{"taxonomy":"product_tag","embeddable":true,"href":"https:\/\/ramrolf.lv\/lv\/wp-json\/wp\/v2\/product_tag?post=46963"}],"curies":[{"name":"wp","href":"https:\/\/api.w.org\/{rel}","templated":true}]}}