{"id":46964,"date":"2019-02-15T13:56:38","date_gmt":"2019-02-15T10:56:38","guid":{"rendered":"https:\/\/ramrolf.eu\/product\/new-product-2\/"},"modified":"2019-02-18T12:12:55","modified_gmt":"2019-02-18T09:12:55","slug":"korektors-ar-otinu-forpus-20ml","status":"publish","type":"product","link":"https:\/\/ramrolf.lv\/lv\/product\/korektors-ar-otinu-forpus-20ml\/","title":{"rendered":"Korektors ar oti\u0146u FORPUS 20ml"},"content":{"rendered":"","protected":false},"excerpt":{"rendered":"<p>Plastmasas flakons ar oti\u0146u. Lieliski p\u0101rkl\u0101j jebkura tipa tinti uz jebkura veida pap\u012bra. \u0100tri no\u017e\u016bst. Tilpums 20 ml.<\/p>\n","protected":false},"featured_media":46968,"template":"","meta":[],"product_cat":[917],"product_tag":[],"_links":{"self":[{"href":"https:\/\/ramrolf.lv\/lv\/wp-json\/wp\/v2\/product\/46964"}],"collection":[{"href":"https:\/\/ramrolf.lv\/lv\/wp-json\/wp\/v2\/product"}],"about":[{"href":"https:\/\/ramrolf.lv\/lv\/wp-json\/wp\/v2\/types\/product"}],"wp:featuredmedia":[{"embeddable":true,"href":"https:\/\/ramrolf.lv\/lv\/wp-json\/wp\/v2\/media\/46968"}],"wp:attachment":[{"href":"https:\/\/ramrolf.lv\/lv\/wp-json\/wp\/v2\/media?parent=46964"}],"wp:term":[{"taxonomy":"product_cat","embeddable":true,"href":"https:\/\/ramrolf.lv\/lv\/wp-json\/wp\/v2\/product_cat?post=46964"},{"taxonomy":"product_tag","embeddable":true,"href":"https:\/\/ramrolf.lv\/lv\/wp-json\/wp\/v2\/product_tag?post=46964"}],"curies":[{"name":"wp","href":"https:\/\/api.w.org\/{rel}","templated":true}]}}