{"id":46965,"date":"2019-02-15T13:59:06","date_gmt":"2019-02-15T10:59:06","guid":{"rendered":"https:\/\/ramrolf.eu\/product\/new-product-2\/"},"modified":"2019-02-18T12:12:39","modified_gmt":"2019-02-18T09:12:39","slug":"korektors-ar-otinu-20ml-udens-bazes","status":"publish","type":"product","link":"https:\/\/ramrolf.lv\/lv\/product\/korektors-ar-otinu-20ml-udens-bazes\/","title":{"rendered":"Korektors ar oti\u0146u 20ml, \u016bdens b\u0101zes"},"content":{"rendered":"","protected":false},"excerpt":{"rendered":"","protected":false},"featured_media":46966,"template":"","meta":[],"product_cat":[917],"product_tag":[],"_links":{"self":[{"href":"https:\/\/ramrolf.lv\/lv\/wp-json\/wp\/v2\/product\/46965"}],"collection":[{"href":"https:\/\/ramrolf.lv\/lv\/wp-json\/wp\/v2\/product"}],"about":[{"href":"https:\/\/ramrolf.lv\/lv\/wp-json\/wp\/v2\/types\/product"}],"wp:featuredmedia":[{"embeddable":true,"href":"https:\/\/ramrolf.lv\/lv\/wp-json\/wp\/v2\/media\/46966"}],"wp:attachment":[{"href":"https:\/\/ramrolf.lv\/lv\/wp-json\/wp\/v2\/media?parent=46965"}],"wp:term":[{"taxonomy":"product_cat","embeddable":true,"href":"https:\/\/ramrolf.lv\/lv\/wp-json\/wp\/v2\/product_cat?post=46965"},{"taxonomy":"product_tag","embeddable":true,"href":"https:\/\/ramrolf.lv\/lv\/wp-json\/wp\/v2\/product_tag?post=46965"}],"curies":[{"name":"wp","href":"https:\/\/api.w.org\/{rel}","templated":true}]}}