{"id":46988,"date":"2019-02-19T10:49:49","date_gmt":"2019-02-19T07:49:49","guid":{"rendered":"https:\/\/ramrolf.eu\/product\/new-product-2\/"},"modified":"2019-02-19T16:56:12","modified_gmt":"2019-02-19T13:56:12","slug":"registrs-pp-a4-50-mm-peleka","status":"publish","type":"product","link":"https:\/\/ramrolf.lv\/lv\/product\/registrs-pp-a4-50-mm-peleka\/","title":{"rendered":"Re\u0123istrs PP A4\/50 mm, pel\u0113ka"},"content":{"rendered":"","protected":false},"excerpt":{"rendered":"<p>Mape re\u0123istrs izgatavots no videi nekait\u012bga PP materi\u0101la, apak\u0161\u0113j\u0101 mala ar met\u0101la apmali. Mapei uz muguras ir kabata ar main\u0101mu eti\u0137eti. Pieejamas 12 kr\u0101s\u0101s. Ra\u017eots EU <\/p>\n","protected":false},"featured_media":43537,"template":"","meta":[],"product_cat":[493],"product_tag":[],"_links":{"self":[{"href":"https:\/\/ramrolf.lv\/lv\/wp-json\/wp\/v2\/product\/46988"}],"collection":[{"href":"https:\/\/ramrolf.lv\/lv\/wp-json\/wp\/v2\/product"}],"about":[{"href":"https:\/\/ramrolf.lv\/lv\/wp-json\/wp\/v2\/types\/product"}],"wp:featuredmedia":[{"embeddable":true,"href":"https:\/\/ramrolf.lv\/lv\/wp-json\/wp\/v2\/media\/43537"}],"wp:attachment":[{"href":"https:\/\/ramrolf.lv\/lv\/wp-json\/wp\/v2\/media?parent=46988"}],"wp:term":[{"taxonomy":"product_cat","embeddable":true,"href":"https:\/\/ramrolf.lv\/lv\/wp-json\/wp\/v2\/product_cat?post=46988"},{"taxonomy":"product_tag","embeddable":true,"href":"https:\/\/ramrolf.lv\/lv\/wp-json\/wp\/v2\/product_tag?post=46988"}],"curies":[{"name":"wp","href":"https:\/\/api.w.org\/{rel}","templated":true}]}}