{"id":47033,"date":"2019-02-20T13:02:08","date_gmt":"2019-02-20T10:02:08","guid":{"rendered":"https:\/\/ramrolf.eu\/product\/new-product-2\/"},"modified":"2019-02-20T13:03:17","modified_gmt":"2019-02-20T10:03:17","slug":"mape-registrs-forpus-eco-a4-70mm-zala","status":"publish","type":"product","link":"https:\/\/ramrolf.lv\/lv\/product\/mape-registrs-forpus-eco-a4-70mm-zala\/","title":{"rendered":"Mape-re\u0123istrs FORPUS ECO A4 70mm, za\u013ca"},"content":{"rendered":"","protected":false},"excerpt":{"rendered":"<p>At\u0161\u0137ir\u012bga iez\u012bme \u2013 no\u0146emams \u201eU\u201d veida piespied\u0113jmeh\u0101nisms. \u0112rts jaunievedums tuk\u0161u mapju glab\u0101\u0161anai un transport\u0113\u0161anai. Form\u0101ts \u04104. Uz muguri\u0146as caursp\u012bd\u012bga kabati\u0146a mar\u0137\u0113juma eti\u0137etei un gredzeni \u0113rt\u0101kai mapes p\u0101rvieto\u0161anai. Met\u0101la st\u016br\u012b\u0161i. Izgatavota no kartona, apl\u012bm\u0113ta ar PVH pl\u0113vi. Spilgtas, pies\u0101tin\u0101tas kr\u0101sas.<\/p>\n","protected":false},"featured_media":47012,"template":"","meta":[],"product_cat":[493],"product_tag":[],"_links":{"self":[{"href":"https:\/\/ramrolf.lv\/lv\/wp-json\/wp\/v2\/product\/47033"}],"collection":[{"href":"https:\/\/ramrolf.lv\/lv\/wp-json\/wp\/v2\/product"}],"about":[{"href":"https:\/\/ramrolf.lv\/lv\/wp-json\/wp\/v2\/types\/product"}],"wp:featuredmedia":[{"embeddable":true,"href":"https:\/\/ramrolf.lv\/lv\/wp-json\/wp\/v2\/media\/47012"}],"wp:attachment":[{"href":"https:\/\/ramrolf.lv\/lv\/wp-json\/wp\/v2\/media?parent=47033"}],"wp:term":[{"taxonomy":"product_cat","embeddable":true,"href":"https:\/\/ramrolf.lv\/lv\/wp-json\/wp\/v2\/product_cat?post=47033"},{"taxonomy":"product_tag","embeddable":true,"href":"https:\/\/ramrolf.lv\/lv\/wp-json\/wp\/v2\/product_tag?post=47033"}],"curies":[{"name":"wp","href":"https:\/\/api.w.org\/{rel}","templated":true}]}}