{"id":47050,"date":"2019-02-20T17:32:53","date_gmt":"2019-02-20T14:32:53","guid":{"rendered":"https:\/\/ramrolf.eu\/product\/new-product-2\/"},"modified":"2019-02-20T17:34:11","modified_gmt":"2019-02-20T14:34:11","slug":"dokumentu-mape-ar-2-piespiedejiem-forpus-a4-sarkana","status":"publish","type":"product","link":"https:\/\/ramrolf.lv\/lv\/product\/dokumentu-mape-ar-2-piespiedejiem-forpus-a4-sarkana\/","title":{"rendered":"Dokumentu mape ar 2 piespied\u0113jiem FORPUS A4, sarkana"},"content":{"rendered":"","protected":false},"excerpt":{"rendered":"<p>Augstas kvalit\u0101tes, taustei pat\u012bkama, mat\u0113ta, necaursp\u012bd\u012bga plastmasa. Divi dro\u0161i piespied\u0113jmeh\u0101nismi. Liela divpus\u0113ja kabata ar eti\u0137eti mar\u0137\u0113jumam.<\/p>\n","protected":false},"featured_media":44216,"template":"","meta":[],"product_cat":[485],"product_tag":[],"_links":{"self":[{"href":"https:\/\/ramrolf.lv\/lv\/wp-json\/wp\/v2\/product\/47050"}],"collection":[{"href":"https:\/\/ramrolf.lv\/lv\/wp-json\/wp\/v2\/product"}],"about":[{"href":"https:\/\/ramrolf.lv\/lv\/wp-json\/wp\/v2\/types\/product"}],"wp:featuredmedia":[{"embeddable":true,"href":"https:\/\/ramrolf.lv\/lv\/wp-json\/wp\/v2\/media\/44216"}],"wp:attachment":[{"href":"https:\/\/ramrolf.lv\/lv\/wp-json\/wp\/v2\/media?parent=47050"}],"wp:term":[{"taxonomy":"product_cat","embeddable":true,"href":"https:\/\/ramrolf.lv\/lv\/wp-json\/wp\/v2\/product_cat?post=47050"},{"taxonomy":"product_tag","embeddable":true,"href":"https:\/\/ramrolf.lv\/lv\/wp-json\/wp\/v2\/product_tag?post=47050"}],"curies":[{"name":"wp","href":"https:\/\/api.w.org\/{rel}","templated":true}]}}