{"id":47068,"date":"2019-02-21T14:17:57","date_gmt":"2019-02-21T11:17:57","guid":{"rendered":"https:\/\/ramrolf.eu\/product\/new-product-2\/"},"modified":"2019-02-21T14:19:58","modified_gmt":"2019-02-21T11:19:58","slug":"mape-ar-atsperu-atrsuveju-forpus-barocco-a4-gaisi-zala","status":"publish","type":"product","link":"https:\/\/ramrolf.lv\/lv\/product\/mape-ar-atsperu-atrsuveju-forpus-barocco-a4-gaisi-zala\/","title":{"rendered":"Mape ar atsperu \u0101tr\u0161uv\u0113ju FORPUS BAROCCO A4, gai\u0161i za\u013ca"},"content":{"rendered":"","protected":false},"excerpt":{"rendered":"","protected":false},"featured_media":47063,"template":"","meta":[],"product_cat":[485],"product_tag":[],"_links":{"self":[{"href":"https:\/\/ramrolf.lv\/lv\/wp-json\/wp\/v2\/product\/47068"}],"collection":[{"href":"https:\/\/ramrolf.lv\/lv\/wp-json\/wp\/v2\/product"}],"about":[{"href":"https:\/\/ramrolf.lv\/lv\/wp-json\/wp\/v2\/types\/product"}],"wp:featuredmedia":[{"embeddable":true,"href":"https:\/\/ramrolf.lv\/lv\/wp-json\/wp\/v2\/media\/47063"}],"wp:attachment":[{"href":"https:\/\/ramrolf.lv\/lv\/wp-json\/wp\/v2\/media?parent=47068"}],"wp:term":[{"taxonomy":"product_cat","embeddable":true,"href":"https:\/\/ramrolf.lv\/lv\/wp-json\/wp\/v2\/product_cat?post=47068"},{"taxonomy":"product_tag","embeddable":true,"href":"https:\/\/ramrolf.lv\/lv\/wp-json\/wp\/v2\/product_tag?post=47068"}],"curies":[{"name":"wp","href":"https:\/\/api.w.org\/{rel}","templated":true}]}}