{"id":47074,"date":"2019-02-21T14:42:07","date_gmt":"2019-02-21T11:42:07","guid":{"rendered":"https:\/\/ramrolf.eu\/product\/new-product-2\/"},"modified":"2019-02-21T14:46:12","modified_gmt":"2019-02-21T11:46:12","slug":"mape-ar-atsperu-atrsuveju-basic-a4-zila","status":"publish","type":"product","link":"https:\/\/ramrolf.lv\/lv\/product\/mape-ar-atsperu-atrsuveju-basic-a4-zila\/","title":{"rendered":"Mape ar atsperu \u0101tr\u0161uv\u0113ju BASIC, A4, zila"},"content":{"rendered":"","protected":false},"excerpt":{"rendered":"","protected":false},"featured_media":47072,"template":"","meta":[],"product_cat":[485],"product_tag":[],"_links":{"self":[{"href":"https:\/\/ramrolf.lv\/lv\/wp-json\/wp\/v2\/product\/47074"}],"collection":[{"href":"https:\/\/ramrolf.lv\/lv\/wp-json\/wp\/v2\/product"}],"about":[{"href":"https:\/\/ramrolf.lv\/lv\/wp-json\/wp\/v2\/types\/product"}],"wp:featuredmedia":[{"embeddable":true,"href":"https:\/\/ramrolf.lv\/lv\/wp-json\/wp\/v2\/media\/47072"}],"wp:attachment":[{"href":"https:\/\/ramrolf.lv\/lv\/wp-json\/wp\/v2\/media?parent=47074"}],"wp:term":[{"taxonomy":"product_cat","embeddable":true,"href":"https:\/\/ramrolf.lv\/lv\/wp-json\/wp\/v2\/product_cat?post=47074"},{"taxonomy":"product_tag","embeddable":true,"href":"https:\/\/ramrolf.lv\/lv\/wp-json\/wp\/v2\/product_tag?post=47074"}],"curies":[{"name":"wp","href":"https:\/\/api.w.org\/{rel}","templated":true}]}}