{"id":47080,"date":"2019-02-21T17:36:02","date_gmt":"2019-02-21T14:36:02","guid":{"rendered":"https:\/\/ramrolf.eu\/product\/new-product-2\/"},"modified":"2019-02-21T17:40:27","modified_gmt":"2019-02-21T14:40:27","slug":"new-product-2","status":"publish","type":"product","link":"https:\/\/ramrolf.lv\/lv\/product\/new-product-2\/","title":{"rendered":"Plan\u0161ete Panta Plast A5, melns"},"content":{"rendered":"","protected":false},"excerpt":{"rendered":"<p>Plan\u0161ete ar piespied\u0113jmeh\u0101nismu. Izgatavota no kartona, apl\u012bm\u0113ta ar augstas kvalit\u0101tes PVC pl\u0113vi. Form\u0101ts A5.<\/p>\n","protected":false},"featured_media":46924,"template":"","meta":[],"product_cat":[479],"product_tag":[],"_links":{"self":[{"href":"https:\/\/ramrolf.lv\/lv\/wp-json\/wp\/v2\/product\/47080"}],"collection":[{"href":"https:\/\/ramrolf.lv\/lv\/wp-json\/wp\/v2\/product"}],"about":[{"href":"https:\/\/ramrolf.lv\/lv\/wp-json\/wp\/v2\/types\/product"}],"wp:featuredmedia":[{"embeddable":true,"href":"https:\/\/ramrolf.lv\/lv\/wp-json\/wp\/v2\/media\/46924"}],"wp:attachment":[{"href":"https:\/\/ramrolf.lv\/lv\/wp-json\/wp\/v2\/media?parent=47080"}],"wp:term":[{"taxonomy":"product_cat","embeddable":true,"href":"https:\/\/ramrolf.lv\/lv\/wp-json\/wp\/v2\/product_cat?post=47080"},{"taxonomy":"product_tag","embeddable":true,"href":"https:\/\/ramrolf.lv\/lv\/wp-json\/wp\/v2\/product_tag?post=47080"}],"curies":[{"name":"wp","href":"https:\/\/api.w.org\/{rel}","templated":true}]}}