{"id":47087,"date":"2019-02-22T12:38:54","date_gmt":"2019-02-22T09:38:54","guid":{"rendered":"https:\/\/ramrolf.eu\/product\/new-product-3\/"},"modified":"2019-02-22T12:41:24","modified_gmt":"2019-02-22T09:41:24","slug":"skeres-25-cm","status":"publish","type":"product","link":"https:\/\/ramrolf.lv\/lv\/product\/skeres-25-cm\/","title":{"rendered":"\u0160\u0137\u0113res 25 cm"},"content":{"rendered":"","protected":false},"excerpt":{"rendered":"<p>Univers\u0101las biroja \u0161\u0137\u0113res no ner\u016bs\u0113jo\u0161\u0101 t\u0113rauda. Ergonomiski plastmasas rokturi. \u013boti asi asme\u0146i. Noapa\u013coti gali. Tiek pieg\u0101d\u0101tas fiks\u0113t\u0101 veid\u0101 kartona tur\u0113t\u0101j\u0101.<\/p>\n","protected":false},"featured_media":47088,"template":"","meta":[],"product_cat":[499],"product_tag":[],"_links":{"self":[{"href":"https:\/\/ramrolf.lv\/lv\/wp-json\/wp\/v2\/product\/47087"}],"collection":[{"href":"https:\/\/ramrolf.lv\/lv\/wp-json\/wp\/v2\/product"}],"about":[{"href":"https:\/\/ramrolf.lv\/lv\/wp-json\/wp\/v2\/types\/product"}],"wp:featuredmedia":[{"embeddable":true,"href":"https:\/\/ramrolf.lv\/lv\/wp-json\/wp\/v2\/media\/47088"}],"wp:attachment":[{"href":"https:\/\/ramrolf.lv\/lv\/wp-json\/wp\/v2\/media?parent=47087"}],"wp:term":[{"taxonomy":"product_cat","embeddable":true,"href":"https:\/\/ramrolf.lv\/lv\/wp-json\/wp\/v2\/product_cat?post=47087"},{"taxonomy":"product_tag","embeddable":true,"href":"https:\/\/ramrolf.lv\/lv\/wp-json\/wp\/v2\/product_tag?post=47087"}],"curies":[{"name":"wp","href":"https:\/\/api.w.org\/{rel}","templated":true}]}}