{"id":47091,"date":"2019-02-22T12:44:45","date_gmt":"2019-02-22T09:44:45","guid":{"rendered":"https:\/\/ramrolf.eu\/product\/new-product-3\/"},"modified":"2019-02-22T12:45:43","modified_gmt":"2019-02-22T09:45:43","slug":"skeres-25-cm-ar-gumijotu-rokturi","status":"publish","type":"product","link":"https:\/\/ramrolf.lv\/lv\/product\/skeres-25-cm-ar-gumijotu-rokturi\/","title":{"rendered":"\u0160\u0137\u0113res 25 cm ar gumijotu rokturi"},"content":{"rendered":"","protected":false},"excerpt":{"rendered":"<p>\u0160\u0137\u0113res ar gumijotu rokturiem. <\/p>\n","protected":false},"featured_media":47090,"template":"","meta":[],"product_cat":[499],"product_tag":[],"_links":{"self":[{"href":"https:\/\/ramrolf.lv\/lv\/wp-json\/wp\/v2\/product\/47091"}],"collection":[{"href":"https:\/\/ramrolf.lv\/lv\/wp-json\/wp\/v2\/product"}],"about":[{"href":"https:\/\/ramrolf.lv\/lv\/wp-json\/wp\/v2\/types\/product"}],"wp:featuredmedia":[{"embeddable":true,"href":"https:\/\/ramrolf.lv\/lv\/wp-json\/wp\/v2\/media\/47090"}],"wp:attachment":[{"href":"https:\/\/ramrolf.lv\/lv\/wp-json\/wp\/v2\/media?parent=47091"}],"wp:term":[{"taxonomy":"product_cat","embeddable":true,"href":"https:\/\/ramrolf.lv\/lv\/wp-json\/wp\/v2\/product_cat?post=47091"},{"taxonomy":"product_tag","embeddable":true,"href":"https:\/\/ramrolf.lv\/lv\/wp-json\/wp\/v2\/product_tag?post=47091"}],"curies":[{"name":"wp","href":"https:\/\/api.w.org\/{rel}","templated":true}]}}