{"id":47094,"date":"2019-02-25T15:23:00","date_gmt":"2019-02-25T12:23:00","guid":{"rendered":"https:\/\/ramrolf.eu\/product\/new-product-3\/"},"modified":"2019-02-25T15:27:30","modified_gmt":"2019-02-25T12:27:30","slug":"mape-ar-2-gredzeniem-forpus-a4-melna","status":"publish","type":"product","link":"https:\/\/ramrolf.lv\/lv\/product\/mape-ar-2-gredzeniem-forpus-a4-melna\/","title":{"rendered":"Mape ar 2 gredzeniem FORPUS A4, melna"},"content":{"rendered":"","protected":false},"excerpt":{"rendered":"<p>\u0112rta, kompakta mape dokumentu glab\u0101\u0161anai un transport\u0113\u0161anai. Izgatavota no kvalitat\u012bvas,bl\u012bvas plastmasas. Form\u0101ts \u04104. Gredzenu meh\u0101nisms. Gredzenu diametrs \u2013 16 mm. Muguri\u0146as platums \u2013 20mm. <\/p>\n","protected":false},"featured_media":47095,"template":"","meta":[],"product_cat":[942],"product_tag":[],"_links":{"self":[{"href":"https:\/\/ramrolf.lv\/lv\/wp-json\/wp\/v2\/product\/47094"}],"collection":[{"href":"https:\/\/ramrolf.lv\/lv\/wp-json\/wp\/v2\/product"}],"about":[{"href":"https:\/\/ramrolf.lv\/lv\/wp-json\/wp\/v2\/types\/product"}],"wp:featuredmedia":[{"embeddable":true,"href":"https:\/\/ramrolf.lv\/lv\/wp-json\/wp\/v2\/media\/47095"}],"wp:attachment":[{"href":"https:\/\/ramrolf.lv\/lv\/wp-json\/wp\/v2\/media?parent=47094"}],"wp:term":[{"taxonomy":"product_cat","embeddable":true,"href":"https:\/\/ramrolf.lv\/lv\/wp-json\/wp\/v2\/product_cat?post=47094"},{"taxonomy":"product_tag","embeddable":true,"href":"https:\/\/ramrolf.lv\/lv\/wp-json\/wp\/v2\/product_tag?post=47094"}],"curies":[{"name":"wp","href":"https:\/\/api.w.org\/{rel}","templated":true}]}}