{"id":47098,"date":"2019-02-25T15:32:54","date_gmt":"2019-02-25T12:32:54","guid":{"rendered":"https:\/\/ramrolf.eu\/product\/new-product-3\/"},"modified":"2019-02-25T15:34:22","modified_gmt":"2019-02-25T12:34:22","slug":"mape-ar-2-gredzeniem-forpus-a4-sarkana","status":"publish","type":"product","link":"https:\/\/ramrolf.lv\/lv\/product\/mape-ar-2-gredzeniem-forpus-a4-sarkana\/","title":{"rendered":"Mape ar 2 gredzeniem FORPUS A4, sarkana"},"content":{"rendered":"","protected":false},"excerpt":{"rendered":"<p>\u0112rta, kompakta mape dokumentu glab\u0101\u0161anai un transport\u0113\u0161anai. Izgatavota no kvalitat\u012bvas,bl\u012bvas plastmasas. Form\u0101ts \u04104. Gredzenu meh\u0101nisms. Gredzenu diametrs \u2013 16 mm. Muguri\u0146as platums \u2013 20mm. <\/p>\n","protected":false},"featured_media":47095,"template":"","meta":[],"product_cat":[942],"product_tag":[],"_links":{"self":[{"href":"https:\/\/ramrolf.lv\/lv\/wp-json\/wp\/v2\/product\/47098"}],"collection":[{"href":"https:\/\/ramrolf.lv\/lv\/wp-json\/wp\/v2\/product"}],"about":[{"href":"https:\/\/ramrolf.lv\/lv\/wp-json\/wp\/v2\/types\/product"}],"wp:featuredmedia":[{"embeddable":true,"href":"https:\/\/ramrolf.lv\/lv\/wp-json\/wp\/v2\/media\/47095"}],"wp:attachment":[{"href":"https:\/\/ramrolf.lv\/lv\/wp-json\/wp\/v2\/media?parent=47098"}],"wp:term":[{"taxonomy":"product_cat","embeddable":true,"href":"https:\/\/ramrolf.lv\/lv\/wp-json\/wp\/v2\/product_cat?post=47098"},{"taxonomy":"product_tag","embeddable":true,"href":"https:\/\/ramrolf.lv\/lv\/wp-json\/wp\/v2\/product_tag?post=47098"}],"curies":[{"name":"wp","href":"https:\/\/api.w.org\/{rel}","templated":true}]}}