{"id":47106,"date":"2019-02-25T15:49:02","date_gmt":"2019-02-25T12:49:02","guid":{"rendered":"https:\/\/ramrolf.eu\/product\/new-product-3\/"},"modified":"2019-02-25T16:04:05","modified_gmt":"2019-02-25T13:04:05","slug":"mape-ar-2-gredzeniem-forpus-a4-tumsi-zila","status":"publish","type":"product","link":"https:\/\/ramrolf.lv\/lv\/product\/mape-ar-2-gredzeniem-forpus-a4-tumsi-zila\/","title":{"rendered":"Mape ar 2 gredzeniem FORPUS A4, tum\u0161i zila"},"content":{"rendered":"","protected":false},"excerpt":{"rendered":"<p>\u0112rta, kompakta mape dokumentu glab\u0101\u0161anai un transport\u0113\u0161anai. Izgatavota no kvalitat\u012bvas plastmasas. Form\u0101ts \u04104. Gredzenu meh\u0101nisms.<\/p>\n","protected":false},"featured_media":47101,"template":"","meta":[],"product_cat":[942],"product_tag":[],"_links":{"self":[{"href":"https:\/\/ramrolf.lv\/lv\/wp-json\/wp\/v2\/product\/47106"}],"collection":[{"href":"https:\/\/ramrolf.lv\/lv\/wp-json\/wp\/v2\/product"}],"about":[{"href":"https:\/\/ramrolf.lv\/lv\/wp-json\/wp\/v2\/types\/product"}],"wp:featuredmedia":[{"embeddable":true,"href":"https:\/\/ramrolf.lv\/lv\/wp-json\/wp\/v2\/media\/47101"}],"wp:attachment":[{"href":"https:\/\/ramrolf.lv\/lv\/wp-json\/wp\/v2\/media?parent=47106"}],"wp:term":[{"taxonomy":"product_cat","embeddable":true,"href":"https:\/\/ramrolf.lv\/lv\/wp-json\/wp\/v2\/product_cat?post=47106"},{"taxonomy":"product_tag","embeddable":true,"href":"https:\/\/ramrolf.lv\/lv\/wp-json\/wp\/v2\/product_tag?post=47106"}],"curies":[{"name":"wp","href":"https:\/\/api.w.org\/{rel}","templated":true}]}}