{"id":47130,"date":"2019-02-26T15:00:29","date_gmt":"2019-02-26T12:00:29","guid":{"rendered":"https:\/\/ramrolf.eu\/product\/new-product-4\/"},"modified":"2019-02-26T15:46:25","modified_gmt":"2019-02-26T12:46:25","slug":"mape-aploksne-ar-spiedpogu-forpus-a4-caurspidiga","status":"publish","type":"product","link":"https:\/\/ramrolf.lv\/lv\/product\/mape-aploksne-ar-spiedpogu-forpus-a4-caurspidiga\/","title":{"rendered":"Mape-aploksne ar spiedpogu FORPUS A4, caursp\u012bd\u012bga"},"content":{"rendered":"","protected":false},"excerpt":{"rendered":"<p>Pl\u0101na mape no m\u012bkstas, caursp\u012bd\u012bgas, augstas kvalit\u0101tes plastmasas dokumentu glab\u0101\u0161anai un transport\u0113\u0161anai. Cie\u0161i aiztais\u0101ma ar spiedpogu. Ietilpst l\u012bdz 100 standarta lap\u0101m.<\/p>\n","protected":false},"featured_media":47141,"template":"","meta":[],"product_cat":[950],"product_tag":[],"_links":{"self":[{"href":"https:\/\/ramrolf.lv\/lv\/wp-json\/wp\/v2\/product\/47130"}],"collection":[{"href":"https:\/\/ramrolf.lv\/lv\/wp-json\/wp\/v2\/product"}],"about":[{"href":"https:\/\/ramrolf.lv\/lv\/wp-json\/wp\/v2\/types\/product"}],"wp:featuredmedia":[{"embeddable":true,"href":"https:\/\/ramrolf.lv\/lv\/wp-json\/wp\/v2\/media\/47141"}],"wp:attachment":[{"href":"https:\/\/ramrolf.lv\/lv\/wp-json\/wp\/v2\/media?parent=47130"}],"wp:term":[{"taxonomy":"product_cat","embeddable":true,"href":"https:\/\/ramrolf.lv\/lv\/wp-json\/wp\/v2\/product_cat?post=47130"},{"taxonomy":"product_tag","embeddable":true,"href":"https:\/\/ramrolf.lv\/lv\/wp-json\/wp\/v2\/product_tag?post=47130"}],"curies":[{"name":"wp","href":"https:\/\/api.w.org\/{rel}","templated":true}]}}