{"id":47144,"date":"2019-02-26T16:01:37","date_gmt":"2019-02-26T13:01:37","guid":{"rendered":"https:\/\/ramrolf.eu\/product\/new-product-4\/"},"modified":"2019-02-26T16:03:18","modified_gmt":"2019-02-26T13:03:18","slug":"mape-aploksne-ar-spiedpogu-a4-peleka","status":"publish","type":"product","link":"https:\/\/ramrolf.lv\/lv\/product\/mape-aploksne-ar-spiedpogu-a4-peleka\/","title":{"rendered":"Mape-aploksne ar spiedpogu, A4, pel\u0113ka"},"content":{"rendered":"","protected":false},"excerpt":{"rendered":"<p>Necaursp\u012bd\u012bga <\/p>\n","protected":false},"featured_media":47145,"template":"","meta":[],"product_cat":[950],"product_tag":[],"_links":{"self":[{"href":"https:\/\/ramrolf.lv\/lv\/wp-json\/wp\/v2\/product\/47144"}],"collection":[{"href":"https:\/\/ramrolf.lv\/lv\/wp-json\/wp\/v2\/product"}],"about":[{"href":"https:\/\/ramrolf.lv\/lv\/wp-json\/wp\/v2\/types\/product"}],"wp:featuredmedia":[{"embeddable":true,"href":"https:\/\/ramrolf.lv\/lv\/wp-json\/wp\/v2\/media\/47145"}],"wp:attachment":[{"href":"https:\/\/ramrolf.lv\/lv\/wp-json\/wp\/v2\/media?parent=47144"}],"wp:term":[{"taxonomy":"product_cat","embeddable":true,"href":"https:\/\/ramrolf.lv\/lv\/wp-json\/wp\/v2\/product_cat?post=47144"},{"taxonomy":"product_tag","embeddable":true,"href":"https:\/\/ramrolf.lv\/lv\/wp-json\/wp\/v2\/product_tag?post=47144"}],"curies":[{"name":"wp","href":"https:\/\/api.w.org\/{rel}","templated":true}]}}