{"id":47147,"date":"2019-02-26T16:05:03","date_gmt":"2019-02-26T13:05:03","guid":{"rendered":"https:\/\/ramrolf.eu\/product\/new-product-4\/"},"modified":"2019-02-26T16:06:32","modified_gmt":"2019-02-26T13:06:32","slug":"mape-aploksne-ar-spiedpogu-a4-zala","status":"publish","type":"product","link":"https:\/\/ramrolf.lv\/lv\/product\/mape-aploksne-ar-spiedpogu-a4-zala\/","title":{"rendered":"Mape-aploksne ar spiedpogu, A4, za\u013ca"},"content":{"rendered":"","protected":false},"excerpt":{"rendered":"<p>Necaursp\u012bd\u012bga <\/p>\n","protected":false},"featured_media":47145,"template":"","meta":[],"product_cat":[950],"product_tag":[],"_links":{"self":[{"href":"https:\/\/ramrolf.lv\/lv\/wp-json\/wp\/v2\/product\/47147"}],"collection":[{"href":"https:\/\/ramrolf.lv\/lv\/wp-json\/wp\/v2\/product"}],"about":[{"href":"https:\/\/ramrolf.lv\/lv\/wp-json\/wp\/v2\/types\/product"}],"wp:featuredmedia":[{"embeddable":true,"href":"https:\/\/ramrolf.lv\/lv\/wp-json\/wp\/v2\/media\/47145"}],"wp:attachment":[{"href":"https:\/\/ramrolf.lv\/lv\/wp-json\/wp\/v2\/media?parent=47147"}],"wp:term":[{"taxonomy":"product_cat","embeddable":true,"href":"https:\/\/ramrolf.lv\/lv\/wp-json\/wp\/v2\/product_cat?post=47147"},{"taxonomy":"product_tag","embeddable":true,"href":"https:\/\/ramrolf.lv\/lv\/wp-json\/wp\/v2\/product_tag?post=47147"}],"curies":[{"name":"wp","href":"https:\/\/api.w.org\/{rel}","templated":true}]}}