{"id":47154,"date":"2019-02-26T17:06:44","date_gmt":"2019-02-26T14:06:44","guid":{"rendered":"https:\/\/ramrolf.eu\/product\/new-product-4\/"},"modified":"2019-02-26T17:10:12","modified_gmt":"2019-02-26T14:10:12","slug":"mape-portfelis-ar-3-nodalijumiem-a4-sudraba-krasa","status":"publish","type":"product","link":"https:\/\/ramrolf.lv\/lv\/product\/mape-portfelis-ar-3-nodalijumiem-a4-sudraba-krasa\/","title":{"rendered":"Mape-portfelis ar 3 nodal\u012bjumiem A4, sudraba kr\u0101s\u0101"},"content":{"rendered":"","protected":false},"excerpt":{"rendered":"<p>Ietilp\u012bgs portfelis no faktur\u0113tas plastmasas \u04104 form\u0101ta dokumentiem. 3 iek\u0161\u0113jie nodal\u012bjumi. Aiztais\u0101ms ar sl\u0113dzi. Mala apdarin\u0101ta ar melnu lentu.<\/p>\n","protected":false},"featured_media":47155,"template":"","meta":[],"product_cat":[952],"product_tag":[],"_links":{"self":[{"href":"https:\/\/ramrolf.lv\/lv\/wp-json\/wp\/v2\/product\/47154"}],"collection":[{"href":"https:\/\/ramrolf.lv\/lv\/wp-json\/wp\/v2\/product"}],"about":[{"href":"https:\/\/ramrolf.lv\/lv\/wp-json\/wp\/v2\/types\/product"}],"wp:featuredmedia":[{"embeddable":true,"href":"https:\/\/ramrolf.lv\/lv\/wp-json\/wp\/v2\/media\/47155"}],"wp:attachment":[{"href":"https:\/\/ramrolf.lv\/lv\/wp-json\/wp\/v2\/media?parent=47154"}],"wp:term":[{"taxonomy":"product_cat","embeddable":true,"href":"https:\/\/ramrolf.lv\/lv\/wp-json\/wp\/v2\/product_cat?post=47154"},{"taxonomy":"product_tag","embeddable":true,"href":"https:\/\/ramrolf.lv\/lv\/wp-json\/wp\/v2\/product_tag?post=47154"}],"curies":[{"name":"wp","href":"https:\/\/api.w.org\/{rel}","templated":true}]}}