{"id":47172,"date":"2019-02-26T17:47:52","date_gmt":"2019-02-26T14:47:52","guid":{"rendered":"https:\/\/ramrolf.eu\/product\/new-product-4\/"},"modified":"2019-02-26T17:51:20","modified_gmt":"2019-02-26T14:51:20","slug":"mape-prospektiem-forpus-20-lap-a4-zala","status":"publish","type":"product","link":"https:\/\/ramrolf.lv\/lv\/product\/mape-prospektiem-forpus-20-lap-a4-zala\/","title":{"rendered":"Mape prospektiem FORPUS 20 lap. A4 (za\u013ca)"},"content":{"rendered":"","protected":false},"excerpt":{"rendered":"<p>Plastmasas mape ar caursp\u012bd\u012bg\u0101m kabati\u0146\u0101m prezent\u0101cijas materi\u0101liem. Liela divpus\u0113ja kabata ar eti\u0137eti mar\u0137\u0113jumam.<\/p>\n","protected":false},"featured_media":47165,"template":"","meta":[],"product_cat":[951],"product_tag":[],"_links":{"self":[{"href":"https:\/\/ramrolf.lv\/lv\/wp-json\/wp\/v2\/product\/47172"}],"collection":[{"href":"https:\/\/ramrolf.lv\/lv\/wp-json\/wp\/v2\/product"}],"about":[{"href":"https:\/\/ramrolf.lv\/lv\/wp-json\/wp\/v2\/types\/product"}],"wp:featuredmedia":[{"embeddable":true,"href":"https:\/\/ramrolf.lv\/lv\/wp-json\/wp\/v2\/media\/47165"}],"wp:attachment":[{"href":"https:\/\/ramrolf.lv\/lv\/wp-json\/wp\/v2\/media?parent=47172"}],"wp:term":[{"taxonomy":"product_cat","embeddable":true,"href":"https:\/\/ramrolf.lv\/lv\/wp-json\/wp\/v2\/product_cat?post=47172"},{"taxonomy":"product_tag","embeddable":true,"href":"https:\/\/ramrolf.lv\/lv\/wp-json\/wp\/v2\/product_tag?post=47172"}],"curies":[{"name":"wp","href":"https:\/\/api.w.org\/{rel}","templated":true}]}}