{"id":47179,"date":"2019-02-26T18:04:31","date_gmt":"2019-02-26T15:04:31","guid":{"rendered":"https:\/\/ramrolf.eu\/product\/new-product-4\/"},"modified":"2019-02-26T18:05:47","modified_gmt":"2019-02-26T15:05:47","slug":"mape-prospektiem-a4-30-lpp-violeta-metaliska-krasa","status":"publish","type":"product","link":"https:\/\/ramrolf.lv\/lv\/product\/mape-prospektiem-a4-30-lpp-violeta-metaliska-krasa\/","title":{"rendered":"Mape prospektiem A4, 30 lpp, violeta-met\u0101liska kr\u0101sa"},"content":{"rendered":"","protected":false},"excerpt":{"rendered":"<p>Plastmasas mape ar caursp\u012bd\u012bg\u0101m kabati\u0146\u0101m prezent\u0101cijas materi\u0101liem. Liela divpus\u0113ja kabata ar eti\u0137eti mar\u0137\u0113jumam.<\/p>\n","protected":false},"featured_media":47178,"template":"","meta":[],"product_cat":[951],"product_tag":[],"_links":{"self":[{"href":"https:\/\/ramrolf.lv\/lv\/wp-json\/wp\/v2\/product\/47179"}],"collection":[{"href":"https:\/\/ramrolf.lv\/lv\/wp-json\/wp\/v2\/product"}],"about":[{"href":"https:\/\/ramrolf.lv\/lv\/wp-json\/wp\/v2\/types\/product"}],"wp:featuredmedia":[{"embeddable":true,"href":"https:\/\/ramrolf.lv\/lv\/wp-json\/wp\/v2\/media\/47178"}],"wp:attachment":[{"href":"https:\/\/ramrolf.lv\/lv\/wp-json\/wp\/v2\/media?parent=47179"}],"wp:term":[{"taxonomy":"product_cat","embeddable":true,"href":"https:\/\/ramrolf.lv\/lv\/wp-json\/wp\/v2\/product_cat?post=47179"},{"taxonomy":"product_tag","embeddable":true,"href":"https:\/\/ramrolf.lv\/lv\/wp-json\/wp\/v2\/product_tag?post=47179"}],"curies":[{"name":"wp","href":"https:\/\/api.w.org\/{rel}","templated":true}]}}