{"id":47325,"date":"2019-02-26T19:22:41","date_gmt":"2019-02-26T16:22:41","guid":{"rendered":"https:\/\/ramrolf.eu\/product\/new-product-4\/"},"modified":"2019-02-26T19:33:14","modified_gmt":"2019-02-26T16:33:14","slug":"mape-atrsuvejs-a4-glanceta-sarkana","status":"publish","type":"product","link":"https:\/\/ramrolf.lv\/lv\/product\/mape-atrsuvejs-a4-glanceta-sarkana\/","title":{"rendered":"Mape-\u0101tr\u0161uv\u0113js A4+ glanc\u0113ta sarkana"},"content":{"rendered":"","protected":false},"excerpt":{"rendered":"<p>Popul\u0101r\u0101k\u0101 biroja mape nelielam dokumentu daudzumam. Caursp\u012bd\u012bgs virs\u0113jais v\u0101ks, kabati\u0146a ar eti\u0137eti mar\u0137\u0113jumam. Spilgtas, pies\u0101tin\u0101tas kr\u0101sas.<\/p>\n","protected":false},"featured_media":47323,"template":"","meta":[],"product_cat":[946],"product_tag":[],"_links":{"self":[{"href":"https:\/\/ramrolf.lv\/lv\/wp-json\/wp\/v2\/product\/47325"}],"collection":[{"href":"https:\/\/ramrolf.lv\/lv\/wp-json\/wp\/v2\/product"}],"about":[{"href":"https:\/\/ramrolf.lv\/lv\/wp-json\/wp\/v2\/types\/product"}],"wp:featuredmedia":[{"embeddable":true,"href":"https:\/\/ramrolf.lv\/lv\/wp-json\/wp\/v2\/media\/47323"}],"wp:attachment":[{"href":"https:\/\/ramrolf.lv\/lv\/wp-json\/wp\/v2\/media?parent=47325"}],"wp:term":[{"taxonomy":"product_cat","embeddable":true,"href":"https:\/\/ramrolf.lv\/lv\/wp-json\/wp\/v2\/product_cat?post=47325"},{"taxonomy":"product_tag","embeddable":true,"href":"https:\/\/ramrolf.lv\/lv\/wp-json\/wp\/v2\/product_tag?post=47325"}],"curies":[{"name":"wp","href":"https:\/\/api.w.org\/{rel}","templated":true}]}}