{"id":47336,"date":"2019-02-26T19:49:06","date_gmt":"2019-02-26T16:49:06","guid":{"rendered":"https:\/\/ramrolf.eu\/product\/new-product-4\/"},"modified":"2019-02-26T19:50:56","modified_gmt":"2019-02-26T16:50:56","slug":"atrsuveja-mehanismi-34x150-mm-25-gab-zils","status":"publish","type":"product","link":"https:\/\/ramrolf.lv\/lv\/product\/atrsuveja-mehanismi-34x150-mm-25-gab-zils\/","title":{"rendered":"\u0100tr\u0161uv\u0113ja meh\u0101nismi 34&#215;150 mm, 25 gab., zils"},"content":{"rendered":"","protected":false},"excerpt":{"rendered":"<p>Cena par 25 gab. <\/p>\n","protected":false},"featured_media":47337,"template":"","meta":[],"product_cat":[946],"product_tag":[],"_links":{"self":[{"href":"https:\/\/ramrolf.lv\/lv\/wp-json\/wp\/v2\/product\/47336"}],"collection":[{"href":"https:\/\/ramrolf.lv\/lv\/wp-json\/wp\/v2\/product"}],"about":[{"href":"https:\/\/ramrolf.lv\/lv\/wp-json\/wp\/v2\/types\/product"}],"wp:featuredmedia":[{"embeddable":true,"href":"https:\/\/ramrolf.lv\/lv\/wp-json\/wp\/v2\/media\/47337"}],"wp:attachment":[{"href":"https:\/\/ramrolf.lv\/lv\/wp-json\/wp\/v2\/media?parent=47336"}],"wp:term":[{"taxonomy":"product_cat","embeddable":true,"href":"https:\/\/ramrolf.lv\/lv\/wp-json\/wp\/v2\/product_cat?post=47336"},{"taxonomy":"product_tag","embeddable":true,"href":"https:\/\/ramrolf.lv\/lv\/wp-json\/wp\/v2\/product_tag?post=47336"}],"curies":[{"name":"wp","href":"https:\/\/api.w.org\/{rel}","templated":true}]}}