{"id":47341,"date":"2019-02-26T19:57:04","date_gmt":"2019-02-26T16:57:04","guid":{"rendered":"https:\/\/ramrolf.eu\/product\/new-product-4\/"},"modified":"2019-02-26T19:58:57","modified_gmt":"2019-02-26T16:58:57","slug":"atrsuveja-mehanismi-34x150-mm-25-gab-peleks","status":"publish","type":"product","link":"https:\/\/ramrolf.lv\/lv\/product\/atrsuveja-mehanismi-34x150-mm-25-gab-peleks\/","title":{"rendered":"\u0100tr\u0161uv\u0113ja meh\u0101nismi 34&#215;150 mm, 25 gab., pel\u0113ks"},"content":{"rendered":"","protected":false},"excerpt":{"rendered":"<p>Cena par 25 gab. <\/p>\n","protected":false},"featured_media":47337,"template":"","meta":[],"product_cat":[946],"product_tag":[],"_links":{"self":[{"href":"https:\/\/ramrolf.lv\/lv\/wp-json\/wp\/v2\/product\/47341"}],"collection":[{"href":"https:\/\/ramrolf.lv\/lv\/wp-json\/wp\/v2\/product"}],"about":[{"href":"https:\/\/ramrolf.lv\/lv\/wp-json\/wp\/v2\/types\/product"}],"wp:featuredmedia":[{"embeddable":true,"href":"https:\/\/ramrolf.lv\/lv\/wp-json\/wp\/v2\/media\/47337"}],"wp:attachment":[{"href":"https:\/\/ramrolf.lv\/lv\/wp-json\/wp\/v2\/media?parent=47341"}],"wp:term":[{"taxonomy":"product_cat","embeddable":true,"href":"https:\/\/ramrolf.lv\/lv\/wp-json\/wp\/v2\/product_cat?post=47341"},{"taxonomy":"product_tag","embeddable":true,"href":"https:\/\/ramrolf.lv\/lv\/wp-json\/wp\/v2\/product_tag?post=47341"}],"curies":[{"name":"wp","href":"https:\/\/api.w.org\/{rel}","templated":true}]}}