{"id":47347,"date":"2019-02-27T10:03:09","date_gmt":"2019-02-27T07:03:09","guid":{"rendered":"https:\/\/ramrolf.eu\/product\/new-product-4\/"},"modified":"2019-02-27T10:04:15","modified_gmt":"2019-02-27T07:04:15","slug":"mape-atrsuvejs-standard-a4-mateta-sarkans","status":"publish","type":"product","link":"https:\/\/ramrolf.lv\/lv\/product\/mape-atrsuvejs-standard-a4-mateta-sarkans\/","title":{"rendered":"Mape \u0101tr\u0161uv\u0113js Standard A4, mat\u0113ta\/sarkans"},"content":{"rendered":"","protected":false},"excerpt":{"rendered":"","protected":false},"featured_media":47344,"template":"","meta":[],"product_cat":[946],"product_tag":[],"_links":{"self":[{"href":"https:\/\/ramrolf.lv\/lv\/wp-json\/wp\/v2\/product\/47347"}],"collection":[{"href":"https:\/\/ramrolf.lv\/lv\/wp-json\/wp\/v2\/product"}],"about":[{"href":"https:\/\/ramrolf.lv\/lv\/wp-json\/wp\/v2\/types\/product"}],"wp:featuredmedia":[{"embeddable":true,"href":"https:\/\/ramrolf.lv\/lv\/wp-json\/wp\/v2\/media\/47344"}],"wp:attachment":[{"href":"https:\/\/ramrolf.lv\/lv\/wp-json\/wp\/v2\/media?parent=47347"}],"wp:term":[{"taxonomy":"product_cat","embeddable":true,"href":"https:\/\/ramrolf.lv\/lv\/wp-json\/wp\/v2\/product_cat?post=47347"},{"taxonomy":"product_tag","embeddable":true,"href":"https:\/\/ramrolf.lv\/lv\/wp-json\/wp\/v2\/product_tag?post=47347"}],"curies":[{"name":"wp","href":"https:\/\/api.w.org\/{rel}","templated":true}]}}