{"id":47364,"date":"2019-02-27T11:56:27","date_gmt":"2019-02-27T08:56:27","guid":{"rendered":"https:\/\/ramrolf.eu\/product\/new-product-4\/"},"modified":"2019-02-27T11:57:29","modified_gmt":"2019-02-27T08:57:29","slug":"teleskopiska-mape-a4-ar-4-nodalijumiem-oranza-balta","status":"publish","type":"product","link":"https:\/\/ramrolf.lv\/lv\/product\/teleskopiska-mape-a4-ar-4-nodalijumiem-oranza-balta\/","title":{"rendered":"Teleskopisk\u0101 mape A4 ar 4 nodal\u012bjumiem oran\u017ea\/balta"},"content":{"rendered":"","protected":false},"excerpt":{"rendered":"","protected":false},"featured_media":47362,"template":"","meta":[],"product_cat":[949],"product_tag":[],"_links":{"self":[{"href":"https:\/\/ramrolf.lv\/lv\/wp-json\/wp\/v2\/product\/47364"}],"collection":[{"href":"https:\/\/ramrolf.lv\/lv\/wp-json\/wp\/v2\/product"}],"about":[{"href":"https:\/\/ramrolf.lv\/lv\/wp-json\/wp\/v2\/types\/product"}],"wp:featuredmedia":[{"embeddable":true,"href":"https:\/\/ramrolf.lv\/lv\/wp-json\/wp\/v2\/media\/47362"}],"wp:attachment":[{"href":"https:\/\/ramrolf.lv\/lv\/wp-json\/wp\/v2\/media?parent=47364"}],"wp:term":[{"taxonomy":"product_cat","embeddable":true,"href":"https:\/\/ramrolf.lv\/lv\/wp-json\/wp\/v2\/product_cat?post=47364"},{"taxonomy":"product_tag","embeddable":true,"href":"https:\/\/ramrolf.lv\/lv\/wp-json\/wp\/v2\/product_tag?post=47364"}],"curies":[{"name":"wp","href":"https:\/\/api.w.org\/{rel}","templated":true}]}}