{"id":47365,"date":"2019-02-27T12:21:52","date_gmt":"2019-02-27T09:21:52","guid":{"rendered":"https:\/\/ramrolf.eu\/product\/new-product-4\/"},"modified":"2019-02-27T12:47:05","modified_gmt":"2019-02-27T09:47:05","slug":"panorama-mape-4d-rinku-mehanismu-65mm-balta","status":"publish","type":"product","link":"https:\/\/ramrolf.lv\/lv\/product\/panorama-mape-4d-rinku-mehanismu-65mm-balta\/","title":{"rendered":"Panorama mape 4D ri\u0146\u0137u meh\u0101nismu 65mm balta"},"content":{"rendered":"","protected":false},"excerpt":{"rendered":"<p>izgatavots no kartona ar PP pl\u0113ves virsmu. <\/p>\n","protected":false},"featured_media":47366,"template":"","meta":[],"product_cat":[942],"product_tag":[],"_links":{"self":[{"href":"https:\/\/ramrolf.lv\/lv\/wp-json\/wp\/v2\/product\/47365"}],"collection":[{"href":"https:\/\/ramrolf.lv\/lv\/wp-json\/wp\/v2\/product"}],"about":[{"href":"https:\/\/ramrolf.lv\/lv\/wp-json\/wp\/v2\/types\/product"}],"wp:featuredmedia":[{"embeddable":true,"href":"https:\/\/ramrolf.lv\/lv\/wp-json\/wp\/v2\/media\/47366"}],"wp:attachment":[{"href":"https:\/\/ramrolf.lv\/lv\/wp-json\/wp\/v2\/media?parent=47365"}],"wp:term":[{"taxonomy":"product_cat","embeddable":true,"href":"https:\/\/ramrolf.lv\/lv\/wp-json\/wp\/v2\/product_cat?post=47365"},{"taxonomy":"product_tag","embeddable":true,"href":"https:\/\/ramrolf.lv\/lv\/wp-json\/wp\/v2\/product_tag?post=47365"}],"curies":[{"name":"wp","href":"https:\/\/api.w.org\/{rel}","templated":true}]}}