{"id":47371,"date":"2019-02-27T12:49:24","date_gmt":"2019-02-27T09:49:24","guid":{"rendered":"https:\/\/ramrolf.eu\/product\/new-product-4\/"},"modified":"2019-02-27T12:52:07","modified_gmt":"2019-02-27T09:52:07","slug":"zimulu-asinamais-divpusejs-korpuss-asorti-krasa","status":"publish","type":"product","link":"https:\/\/ramrolf.lv\/lv\/product\/zimulu-asinamais-divpusejs-korpuss-asorti-krasa\/","title":{"rendered":"Z\u012bmu\u013cu asin\u0101mais divpus\u0113js, korpuss asorti kr\u0101s\u0101"},"content":{"rendered":"","protected":false},"excerpt":{"rendered":"","protected":false},"featured_media":47372,"template":"","meta":[],"product_cat":[893],"product_tag":[],"_links":{"self":[{"href":"https:\/\/ramrolf.lv\/lv\/wp-json\/wp\/v2\/product\/47371"}],"collection":[{"href":"https:\/\/ramrolf.lv\/lv\/wp-json\/wp\/v2\/product"}],"about":[{"href":"https:\/\/ramrolf.lv\/lv\/wp-json\/wp\/v2\/types\/product"}],"wp:featuredmedia":[{"embeddable":true,"href":"https:\/\/ramrolf.lv\/lv\/wp-json\/wp\/v2\/media\/47372"}],"wp:attachment":[{"href":"https:\/\/ramrolf.lv\/lv\/wp-json\/wp\/v2\/media?parent=47371"}],"wp:term":[{"taxonomy":"product_cat","embeddable":true,"href":"https:\/\/ramrolf.lv\/lv\/wp-json\/wp\/v2\/product_cat?post=47371"},{"taxonomy":"product_tag","embeddable":true,"href":"https:\/\/ramrolf.lv\/lv\/wp-json\/wp\/v2\/product_tag?post=47371"}],"curies":[{"name":"wp","href":"https:\/\/api.w.org\/{rel}","templated":true}]}}