{"id":47377,"date":"2019-02-27T17:22:31","date_gmt":"2019-02-27T14:22:31","guid":{"rendered":"https:\/\/ramrolf.eu\/product\/new-product-4\/"},"modified":"2019-02-27T17:23:42","modified_gmt":"2019-02-27T14:23:42","slug":"galda-zimulu-asinamais-sudrabs","status":"publish","type":"product","link":"https:\/\/ramrolf.lv\/lv\/product\/galda-zimulu-asinamais-sudrabs\/","title":{"rendered":"Galda z\u012bmu\u013cu asin\u0101mais, sudrabs"},"content":{"rendered":"","protected":false},"excerpt":{"rendered":"","protected":false},"featured_media":47378,"template":"","meta":[],"product_cat":[893],"product_tag":[],"_links":{"self":[{"href":"https:\/\/ramrolf.lv\/lv\/wp-json\/wp\/v2\/product\/47377"}],"collection":[{"href":"https:\/\/ramrolf.lv\/lv\/wp-json\/wp\/v2\/product"}],"about":[{"href":"https:\/\/ramrolf.lv\/lv\/wp-json\/wp\/v2\/types\/product"}],"wp:featuredmedia":[{"embeddable":true,"href":"https:\/\/ramrolf.lv\/lv\/wp-json\/wp\/v2\/media\/47378"}],"wp:attachment":[{"href":"https:\/\/ramrolf.lv\/lv\/wp-json\/wp\/v2\/media?parent=47377"}],"wp:term":[{"taxonomy":"product_cat","embeddable":true,"href":"https:\/\/ramrolf.lv\/lv\/wp-json\/wp\/v2\/product_cat?post=47377"},{"taxonomy":"product_tag","embeddable":true,"href":"https:\/\/ramrolf.lv\/lv\/wp-json\/wp\/v2\/product_tag?post=47377"}],"curies":[{"name":"wp","href":"https:\/\/api.w.org\/{rel}","templated":true}]}}