{"id":47383,"date":"2019-02-27T17:28:14","date_gmt":"2019-02-27T14:28:14","guid":{"rendered":"https:\/\/ramrolf.eu\/product\/new-product-4\/"},"modified":"2019-02-27T17:36:44","modified_gmt":"2019-02-27T14:36:44","slug":"teksta-markiera-komplekts-redactor-4-gab","status":"publish","type":"product","link":"https:\/\/ramrolf.lv\/lv\/product\/teksta-markiera-komplekts-redactor-4-gab\/","title":{"rendered":"Teksta mar\u0137iera komplekts &#8220;Redactor&#8221; (4 gab.)"},"content":{"rendered":"","protected":false},"excerpt":{"rendered":"<p>Kr\u0101sas: dzeltens, oran\u017es, za\u013c\u0161, sarkans. <\/p>\n","protected":false},"featured_media":47384,"template":"","meta":[],"product_cat":[973],"product_tag":[],"_links":{"self":[{"href":"https:\/\/ramrolf.lv\/lv\/wp-json\/wp\/v2\/product\/47383"}],"collection":[{"href":"https:\/\/ramrolf.lv\/lv\/wp-json\/wp\/v2\/product"}],"about":[{"href":"https:\/\/ramrolf.lv\/lv\/wp-json\/wp\/v2\/types\/product"}],"wp:featuredmedia":[{"embeddable":true,"href":"https:\/\/ramrolf.lv\/lv\/wp-json\/wp\/v2\/media\/47384"}],"wp:attachment":[{"href":"https:\/\/ramrolf.lv\/lv\/wp-json\/wp\/v2\/media?parent=47383"}],"wp:term":[{"taxonomy":"product_cat","embeddable":true,"href":"https:\/\/ramrolf.lv\/lv\/wp-json\/wp\/v2\/product_cat?post=47383"},{"taxonomy":"product_tag","embeddable":true,"href":"https:\/\/ramrolf.lv\/lv\/wp-json\/wp\/v2\/product_tag?post=47383"}],"curies":[{"name":"wp","href":"https:\/\/api.w.org\/{rel}","templated":true}]}}