{"id":47413,"date":"2019-02-27T18:33:21","date_gmt":"2019-02-27T15:33:21","guid":{"rendered":"https:\/\/ramrolf.eu\/product\/new-product-4\/"},"modified":"2019-02-27T18:34:29","modified_gmt":"2019-02-27T15:34:29","slug":"markieris-tafelei-forpus-konisks-zals","status":"publish","type":"product","link":"https:\/\/ramrolf.lv\/lv\/product\/markieris-tafelei-forpus-konisks-zals\/","title":{"rendered":"Mar\u0137ieris t\u0101felei FORPUS konisks, za\u013c\u0161"},"content":{"rendered":"","protected":false},"excerpt":{"rendered":"<p>\u0112rts, praktisks un ekonomisks mar\u0137ieris. Paredz\u0113ts baltaj\u0101m t\u0101fel\u0113m un magn\u0113tiskaj\u0101m mar\u0137ieru t\u0101fel\u0113m. L\u012bnijas biezums no 1 l\u012bdz 3 mm. Nav toksisks. Not\u012br\u0101ms saus\u0101 veid\u0101.<\/p>\n","protected":false},"featured_media":47409,"template":"","meta":[],"product_cat":[973],"product_tag":[],"_links":{"self":[{"href":"https:\/\/ramrolf.lv\/lv\/wp-json\/wp\/v2\/product\/47413"}],"collection":[{"href":"https:\/\/ramrolf.lv\/lv\/wp-json\/wp\/v2\/product"}],"about":[{"href":"https:\/\/ramrolf.lv\/lv\/wp-json\/wp\/v2\/types\/product"}],"wp:featuredmedia":[{"embeddable":true,"href":"https:\/\/ramrolf.lv\/lv\/wp-json\/wp\/v2\/media\/47409"}],"wp:attachment":[{"href":"https:\/\/ramrolf.lv\/lv\/wp-json\/wp\/v2\/media?parent=47413"}],"wp:term":[{"taxonomy":"product_cat","embeddable":true,"href":"https:\/\/ramrolf.lv\/lv\/wp-json\/wp\/v2\/product_cat?post=47413"},{"taxonomy":"product_tag","embeddable":true,"href":"https:\/\/ramrolf.lv\/lv\/wp-json\/wp\/v2\/product_tag?post=47413"}],"curies":[{"name":"wp","href":"https:\/\/api.w.org\/{rel}","templated":true}]}}