{"id":47420,"date":"2019-02-28T11:58:54","date_gmt":"2019-02-28T08:58:54","guid":{"rendered":"https:\/\/ramrolf.eu\/product\/new-product-4\/"},"modified":"2019-02-28T11:59:41","modified_gmt":"2019-02-28T08:59:41","slug":"tafelu-markieris-tactic-zils","status":"publish","type":"product","link":"https:\/\/ramrolf.lv\/lv\/product\/tafelu-markieris-tactic-zils\/","title":{"rendered":"T\u0101fe\u013cu mar\u0137ieris TACTIC, zils"},"content":{"rendered":"","protected":false},"excerpt":{"rendered":"","protected":false},"featured_media":47416,"template":"","meta":[],"product_cat":[973],"product_tag":[],"_links":{"self":[{"href":"https:\/\/ramrolf.lv\/lv\/wp-json\/wp\/v2\/product\/47420"}],"collection":[{"href":"https:\/\/ramrolf.lv\/lv\/wp-json\/wp\/v2\/product"}],"about":[{"href":"https:\/\/ramrolf.lv\/lv\/wp-json\/wp\/v2\/types\/product"}],"wp:featuredmedia":[{"embeddable":true,"href":"https:\/\/ramrolf.lv\/lv\/wp-json\/wp\/v2\/media\/47416"}],"wp:attachment":[{"href":"https:\/\/ramrolf.lv\/lv\/wp-json\/wp\/v2\/media?parent=47420"}],"wp:term":[{"taxonomy":"product_cat","embeddable":true,"href":"https:\/\/ramrolf.lv\/lv\/wp-json\/wp\/v2\/product_cat?post=47420"},{"taxonomy":"product_tag","embeddable":true,"href":"https:\/\/ramrolf.lv\/lv\/wp-json\/wp\/v2\/product_tag?post=47420"}],"curies":[{"name":"wp","href":"https:\/\/api.w.org\/{rel}","templated":true}]}}