{"id":47424,"date":"2019-02-28T12:43:10","date_gmt":"2019-02-28T09:43:10","guid":{"rendered":"https:\/\/ramrolf.eu\/product\/new-product-4\/"},"modified":"2019-02-28T12:44:28","modified_gmt":"2019-02-28T09:44:28","slug":"permanentais-markieris-konisks-melns","status":"publish","type":"product","link":"https:\/\/ramrolf.lv\/lv\/product\/permanentais-markieris-konisks-melns\/","title":{"rendered":"Permanentais mar\u0137ieris konisks, melns"},"content":{"rendered":"","protected":false},"excerpt":{"rendered":"<p>Univers\u0101lais mar\u0137ieris, izmantojams da\u017e\u0101d\u0101m virsm\u0101m. L\u012bnijas biezums no 1 l\u012bdz 5 mm. Nav toksisks.<\/p>\n","protected":false},"featured_media":47423,"template":"","meta":[],"product_cat":[973],"product_tag":[],"_links":{"self":[{"href":"https:\/\/ramrolf.lv\/lv\/wp-json\/wp\/v2\/product\/47424"}],"collection":[{"href":"https:\/\/ramrolf.lv\/lv\/wp-json\/wp\/v2\/product"}],"about":[{"href":"https:\/\/ramrolf.lv\/lv\/wp-json\/wp\/v2\/types\/product"}],"wp:featuredmedia":[{"embeddable":true,"href":"https:\/\/ramrolf.lv\/lv\/wp-json\/wp\/v2\/media\/47423"}],"wp:attachment":[{"href":"https:\/\/ramrolf.lv\/lv\/wp-json\/wp\/v2\/media?parent=47424"}],"wp:term":[{"taxonomy":"product_cat","embeddable":true,"href":"https:\/\/ramrolf.lv\/lv\/wp-json\/wp\/v2\/product_cat?post=47424"},{"taxonomy":"product_tag","embeddable":true,"href":"https:\/\/ramrolf.lv\/lv\/wp-json\/wp\/v2\/product_tag?post=47424"}],"curies":[{"name":"wp","href":"https:\/\/api.w.org\/{rel}","templated":true}]}}