{"id":47439,"date":"2019-02-28T13:57:34","date_gmt":"2019-02-28T10:57:34","guid":{"rendered":"https:\/\/ramrolf.eu\/product\/new-product-4\/"},"modified":"2019-02-28T13:58:44","modified_gmt":"2019-02-28T10:58:44","slug":"markieris-paint-balts-permanents-aluminija-korpuss","status":"publish","type":"product","link":"https:\/\/ramrolf.lv\/lv\/product\/markieris-paint-balts-permanents-aluminija-korpuss\/","title":{"rendered":"Mar\u0137ieris PAINT balts, permanents, alum\u012bnija korpuss"},"content":{"rendered":"","protected":false},"excerpt":{"rendered":"<p>\u016bdensiztur\u012bga tinte uz e\u013c\u013cas b\u0101zes, 1-3 mm <\/p>\n","protected":false},"featured_media":47438,"template":"","meta":[],"product_cat":[973],"product_tag":[],"_links":{"self":[{"href":"https:\/\/ramrolf.lv\/lv\/wp-json\/wp\/v2\/product\/47439"}],"collection":[{"href":"https:\/\/ramrolf.lv\/lv\/wp-json\/wp\/v2\/product"}],"about":[{"href":"https:\/\/ramrolf.lv\/lv\/wp-json\/wp\/v2\/types\/product"}],"wp:featuredmedia":[{"embeddable":true,"href":"https:\/\/ramrolf.lv\/lv\/wp-json\/wp\/v2\/media\/47438"}],"wp:attachment":[{"href":"https:\/\/ramrolf.lv\/lv\/wp-json\/wp\/v2\/media?parent=47439"}],"wp:term":[{"taxonomy":"product_cat","embeddable":true,"href":"https:\/\/ramrolf.lv\/lv\/wp-json\/wp\/v2\/product_cat?post=47439"},{"taxonomy":"product_tag","embeddable":true,"href":"https:\/\/ramrolf.lv\/lv\/wp-json\/wp\/v2\/product_tag?post=47439"}],"curies":[{"name":"wp","href":"https:\/\/api.w.org\/{rel}","templated":true}]}}