{"id":47446,"date":"2019-02-28T14:30:08","date_gmt":"2019-02-28T11:30:08","guid":{"rendered":"https:\/\/ramrolf.eu\/product\/new-product-4\/"},"modified":"2019-02-28T14:31:40","modified_gmt":"2019-02-28T11:31:40","slug":"papira-piespiedeji-19mm-12gab","status":"publish","type":"product","link":"https:\/\/ramrolf.lv\/lv\/product\/papira-piespiedeji-19mm-12gab\/","title":{"rendered":"Pap\u012bra piespied\u0113ji 19mm 12gab."},"content":{"rendered":"","protected":false},"excerpt":{"rendered":"<p>No augstas kvalit\u0101tes t\u0113rauda, lielam pap\u012bra daudzumam. <\/p>\n","protected":false},"featured_media":47445,"template":"","meta":[],"product_cat":[960],"product_tag":[],"_links":{"self":[{"href":"https:\/\/ramrolf.lv\/lv\/wp-json\/wp\/v2\/product\/47446"}],"collection":[{"href":"https:\/\/ramrolf.lv\/lv\/wp-json\/wp\/v2\/product"}],"about":[{"href":"https:\/\/ramrolf.lv\/lv\/wp-json\/wp\/v2\/types\/product"}],"wp:featuredmedia":[{"embeddable":true,"href":"https:\/\/ramrolf.lv\/lv\/wp-json\/wp\/v2\/media\/47445"}],"wp:attachment":[{"href":"https:\/\/ramrolf.lv\/lv\/wp-json\/wp\/v2\/media?parent=47446"}],"wp:term":[{"taxonomy":"product_cat","embeddable":true,"href":"https:\/\/ramrolf.lv\/lv\/wp-json\/wp\/v2\/product_cat?post=47446"},{"taxonomy":"product_tag","embeddable":true,"href":"https:\/\/ramrolf.lv\/lv\/wp-json\/wp\/v2\/product_tag?post=47446"}],"curies":[{"name":"wp","href":"https:\/\/api.w.org\/{rel}","templated":true}]}}