{"id":47451,"date":"2019-02-28T14:38:18","date_gmt":"2019-02-28T11:38:18","guid":{"rendered":"https:\/\/ramrolf.eu\/product\/new-product-4\/"},"modified":"2019-02-28T14:40:42","modified_gmt":"2019-02-28T11:40:42","slug":"papira-piespiedejs-19-mm-krasains","status":"publish","type":"product","link":"https:\/\/ramrolf.lv\/lv\/product\/papira-piespiedejs-19-mm-krasains\/","title":{"rendered":"Pap\u012bra piespied\u0113js 19 mm kr\u0101sains"},"content":{"rendered":"","protected":false},"excerpt":{"rendered":"<p>Pap\u012bra piespied\u0113js-kna\u0123\u012b\u0161i 19 mm da\u017e\u0101du kr\u0101su(zils, za\u013c\u0161, dzeltens, sarkans) iepakots plastmasa kast\u012bt\u0113 40 gab. <\/p>\n","protected":false},"featured_media":47452,"template":"","meta":[],"product_cat":[960],"product_tag":[],"_links":{"self":[{"href":"https:\/\/ramrolf.lv\/lv\/wp-json\/wp\/v2\/product\/47451"}],"collection":[{"href":"https:\/\/ramrolf.lv\/lv\/wp-json\/wp\/v2\/product"}],"about":[{"href":"https:\/\/ramrolf.lv\/lv\/wp-json\/wp\/v2\/types\/product"}],"wp:featuredmedia":[{"embeddable":true,"href":"https:\/\/ramrolf.lv\/lv\/wp-json\/wp\/v2\/media\/47452"}],"wp:attachment":[{"href":"https:\/\/ramrolf.lv\/lv\/wp-json\/wp\/v2\/media?parent=47451"}],"wp:term":[{"taxonomy":"product_cat","embeddable":true,"href":"https:\/\/ramrolf.lv\/lv\/wp-json\/wp\/v2\/product_cat?post=47451"},{"taxonomy":"product_tag","embeddable":true,"href":"https:\/\/ramrolf.lv\/lv\/wp-json\/wp\/v2\/product_tag?post=47451"}],"curies":[{"name":"wp","href":"https:\/\/api.w.org\/{rel}","templated":true}]}}