{"id":47464,"date":"2019-02-28T15:28:01","date_gmt":"2019-02-28T12:28:01","guid":{"rendered":"https:\/\/ramrolf.eu\/product\/new-product-4\/"},"modified":"2019-02-28T15:49:20","modified_gmt":"2019-02-28T12:49:20","slug":"saspraudes-26mm-1000gab-zeltitas","status":"publish","type":"product","link":"https:\/\/ramrolf.lv\/lv\/product\/saspraudes-26mm-1000gab-zeltitas\/","title":{"rendered":"Saspraudes 26mm (1000gab) zelt\u012btas"},"content":{"rendered":"","protected":false},"excerpt":{"rendered":"<p>No augstas kvalit\u0101tes t\u0113rauda. Ar vara p\u0101rkl\u0101jumu.<\/p>\n","protected":false},"featured_media":47463,"template":"","meta":[],"product_cat":[960],"product_tag":[],"_links":{"self":[{"href":"https:\/\/ramrolf.lv\/lv\/wp-json\/wp\/v2\/product\/47464"}],"collection":[{"href":"https:\/\/ramrolf.lv\/lv\/wp-json\/wp\/v2\/product"}],"about":[{"href":"https:\/\/ramrolf.lv\/lv\/wp-json\/wp\/v2\/types\/product"}],"wp:featuredmedia":[{"embeddable":true,"href":"https:\/\/ramrolf.lv\/lv\/wp-json\/wp\/v2\/media\/47463"}],"wp:attachment":[{"href":"https:\/\/ramrolf.lv\/lv\/wp-json\/wp\/v2\/media?parent=47464"}],"wp:term":[{"taxonomy":"product_cat","embeddable":true,"href":"https:\/\/ramrolf.lv\/lv\/wp-json\/wp\/v2\/product_cat?post=47464"},{"taxonomy":"product_tag","embeddable":true,"href":"https:\/\/ramrolf.lv\/lv\/wp-json\/wp\/v2\/product_tag?post=47464"}],"curies":[{"name":"wp","href":"https:\/\/api.w.org\/{rel}","templated":true}]}}