{"id":47465,"date":"2019-02-28T15:29:46","date_gmt":"2019-02-28T12:29:46","guid":{"rendered":"https:\/\/ramrolf.eu\/product\/new-product-4\/"},"modified":"2019-02-28T15:31:05","modified_gmt":"2019-02-28T12:31:05","slug":"saspraudes-krasainas-26mm-100gab","status":"publish","type":"product","link":"https:\/\/ramrolf.lv\/lv\/product\/saspraudes-krasainas-26mm-100gab\/","title":{"rendered":"Saspraudes kr\u0101sainas 26mm (100gab)"},"content":{"rendered":"","protected":false},"excerpt":{"rendered":"<p>No augstas kvalit\u0101tes t\u0113rauda. Ar da\u017e\u0101du kr\u0101su plastmasas p\u0101rkl\u0101jumu.<\/p>\n","protected":false},"featured_media":47466,"template":"","meta":[],"product_cat":[960],"product_tag":[],"_links":{"self":[{"href":"https:\/\/ramrolf.lv\/lv\/wp-json\/wp\/v2\/product\/47465"}],"collection":[{"href":"https:\/\/ramrolf.lv\/lv\/wp-json\/wp\/v2\/product"}],"about":[{"href":"https:\/\/ramrolf.lv\/lv\/wp-json\/wp\/v2\/types\/product"}],"wp:featuredmedia":[{"embeddable":true,"href":"https:\/\/ramrolf.lv\/lv\/wp-json\/wp\/v2\/media\/47466"}],"wp:attachment":[{"href":"https:\/\/ramrolf.lv\/lv\/wp-json\/wp\/v2\/media?parent=47465"}],"wp:term":[{"taxonomy":"product_cat","embeddable":true,"href":"https:\/\/ramrolf.lv\/lv\/wp-json\/wp\/v2\/product_cat?post=47465"},{"taxonomy":"product_tag","embeddable":true,"href":"https:\/\/ramrolf.lv\/lv\/wp-json\/wp\/v2\/product_tag?post=47465"}],"curies":[{"name":"wp","href":"https:\/\/api.w.org\/{rel}","templated":true}]}}