{"id":47475,"date":"2019-02-28T15:40:28","date_gmt":"2019-02-28T12:40:28","guid":{"rendered":"https:\/\/ramrolf.eu\/product\/new-product-4\/"},"modified":"2019-02-28T15:41:26","modified_gmt":"2019-02-28T12:41:26","slug":"kancelejas-adatinas-krasainas-100-gab-kastite","status":"publish","type":"product","link":"https:\/\/ramrolf.lv\/lv\/product\/kancelejas-adatinas-krasainas-100-gab-kastite\/","title":{"rendered":"Kancelejas adati\u0146as, kr\u0101sainas, 100 gab kast\u012bt\u0113"},"content":{"rendered":"","protected":false},"excerpt":{"rendered":"","protected":false},"featured_media":47476,"template":"","meta":[],"product_cat":[961],"product_tag":[],"_links":{"self":[{"href":"https:\/\/ramrolf.lv\/lv\/wp-json\/wp\/v2\/product\/47475"}],"collection":[{"href":"https:\/\/ramrolf.lv\/lv\/wp-json\/wp\/v2\/product"}],"about":[{"href":"https:\/\/ramrolf.lv\/lv\/wp-json\/wp\/v2\/types\/product"}],"wp:featuredmedia":[{"embeddable":true,"href":"https:\/\/ramrolf.lv\/lv\/wp-json\/wp\/v2\/media\/47476"}],"wp:attachment":[{"href":"https:\/\/ramrolf.lv\/lv\/wp-json\/wp\/v2\/media?parent=47475"}],"wp:term":[{"taxonomy":"product_cat","embeddable":true,"href":"https:\/\/ramrolf.lv\/lv\/wp-json\/wp\/v2\/product_cat?post=47475"},{"taxonomy":"product_tag","embeddable":true,"href":"https:\/\/ramrolf.lv\/lv\/wp-json\/wp\/v2\/product_tag?post=47475"}],"curies":[{"name":"wp","href":"https:\/\/api.w.org\/{rel}","templated":true}]}}