{"id":47481,"date":"2019-02-28T15:57:19","date_gmt":"2019-02-28T12:57:19","guid":{"rendered":"https:\/\/ramrolf.eu\/product\/new-product-4\/"},"modified":"2019-02-28T15:58:19","modified_gmt":"2019-02-28T12:58:19","slug":"caurumotajs-premium-zils","status":"publish","type":"product","link":"https:\/\/ramrolf.lv\/lv\/product\/caurumotajs-premium-zils\/","title":{"rendered":"Caurumot\u0101js PREMIUM zils"},"content":{"rendered":"","protected":false},"excerpt":{"rendered":"<p>Ori\u0123in\u0101ls, miniat\u016brs caurumot\u0101js. \u0112rts v\u0101ci\u0146\u0161 izt\u012br\u012b\u0161anai. Perfor\u0113 l\u012bdz 16 lap\u0101m. T\u0113rauda pamatne un perfor\u0113\u0161anas meh\u0101nisms. <\/p>\n","protected":false},"featured_media":47480,"template":"","meta":[],"product_cat":[959],"product_tag":[],"_links":{"self":[{"href":"https:\/\/ramrolf.lv\/lv\/wp-json\/wp\/v2\/product\/47481"}],"collection":[{"href":"https:\/\/ramrolf.lv\/lv\/wp-json\/wp\/v2\/product"}],"about":[{"href":"https:\/\/ramrolf.lv\/lv\/wp-json\/wp\/v2\/types\/product"}],"wp:featuredmedia":[{"embeddable":true,"href":"https:\/\/ramrolf.lv\/lv\/wp-json\/wp\/v2\/media\/47480"}],"wp:attachment":[{"href":"https:\/\/ramrolf.lv\/lv\/wp-json\/wp\/v2\/media?parent=47481"}],"wp:term":[{"taxonomy":"product_cat","embeddable":true,"href":"https:\/\/ramrolf.lv\/lv\/wp-json\/wp\/v2\/product_cat?post=47481"},{"taxonomy":"product_tag","embeddable":true,"href":"https:\/\/ramrolf.lv\/lv\/wp-json\/wp\/v2\/product_tag?post=47481"}],"curies":[{"name":"wp","href":"https:\/\/api.w.org\/{rel}","templated":true}]}}