{"id":47491,"date":"2019-02-28T16:39:14","date_gmt":"2019-02-28T13:39:14","guid":{"rendered":"https:\/\/ramrolf.eu\/product\/new-product-4\/"},"modified":"2019-02-28T16:40:24","modified_gmt":"2019-02-28T13:40:24","slug":"caurumotajs-standart-10-lpp-peleks","status":"publish","type":"product","link":"https:\/\/ramrolf.lv\/lv\/product\/caurumotajs-standart-10-lpp-peleks\/","title":{"rendered":"Caurumot\u0101js STANDART 10 lpp pel\u0113ks"},"content":{"rendered":"","protected":false},"excerpt":{"rendered":"<p>Viegls un kompakts caurumot\u0101js ar form\u0101ta line\u0101lu prec\u012bzai perfor\u0113\u0161anai. Perfor\u0113 l\u012bdz 10 lap\u0101m. T\u0113rauda pamatne un perfor\u0113\u0161anas meh\u0101nisms.<\/p>\n","protected":false},"featured_media":47490,"template":"","meta":[],"product_cat":[959],"product_tag":[],"_links":{"self":[{"href":"https:\/\/ramrolf.lv\/lv\/wp-json\/wp\/v2\/product\/47491"}],"collection":[{"href":"https:\/\/ramrolf.lv\/lv\/wp-json\/wp\/v2\/product"}],"about":[{"href":"https:\/\/ramrolf.lv\/lv\/wp-json\/wp\/v2\/types\/product"}],"wp:featuredmedia":[{"embeddable":true,"href":"https:\/\/ramrolf.lv\/lv\/wp-json\/wp\/v2\/media\/47490"}],"wp:attachment":[{"href":"https:\/\/ramrolf.lv\/lv\/wp-json\/wp\/v2\/media?parent=47491"}],"wp:term":[{"taxonomy":"product_cat","embeddable":true,"href":"https:\/\/ramrolf.lv\/lv\/wp-json\/wp\/v2\/product_cat?post=47491"},{"taxonomy":"product_tag","embeddable":true,"href":"https:\/\/ramrolf.lv\/lv\/wp-json\/wp\/v2\/product_tag?post=47491"}],"curies":[{"name":"wp","href":"https:\/\/api.w.org\/{rel}","templated":true}]}}