{"id":47497,"date":"2019-02-28T16:50:08","date_gmt":"2019-02-28T13:50:08","guid":{"rendered":"https:\/\/ramrolf.eu\/product\/new-product-4\/"},"modified":"2019-02-28T16:51:26","modified_gmt":"2019-02-28T13:51:26","slug":"caurumotajs-standart-16-lpp-zils","status":"publish","type":"product","link":"https:\/\/ramrolf.lv\/lv\/product\/caurumotajs-standart-16-lpp-zils\/","title":{"rendered":"Caurumot\u0101js STANDART 16 lpp zils"},"content":{"rendered":"","protected":false},"excerpt":{"rendered":"<p>Viegls, ergonomisks caurumot\u0101js. Perfor\u0113 l\u012bdz 16 lap\u0101m. T\u0113rauda pamatne un perfor\u0113\u0161anas meh\u0101nisms. Form\u0101ta line\u0101le<\/p>\n","protected":false},"featured_media":47495,"template":"","meta":[],"product_cat":[959],"product_tag":[],"_links":{"self":[{"href":"https:\/\/ramrolf.lv\/lv\/wp-json\/wp\/v2\/product\/47497"}],"collection":[{"href":"https:\/\/ramrolf.lv\/lv\/wp-json\/wp\/v2\/product"}],"about":[{"href":"https:\/\/ramrolf.lv\/lv\/wp-json\/wp\/v2\/types\/product"}],"wp:featuredmedia":[{"embeddable":true,"href":"https:\/\/ramrolf.lv\/lv\/wp-json\/wp\/v2\/media\/47495"}],"wp:attachment":[{"href":"https:\/\/ramrolf.lv\/lv\/wp-json\/wp\/v2\/media?parent=47497"}],"wp:term":[{"taxonomy":"product_cat","embeddable":true,"href":"https:\/\/ramrolf.lv\/lv\/wp-json\/wp\/v2\/product_cat?post=47497"},{"taxonomy":"product_tag","embeddable":true,"href":"https:\/\/ramrolf.lv\/lv\/wp-json\/wp\/v2\/product_tag?post=47497"}],"curies":[{"name":"wp","href":"https:\/\/api.w.org\/{rel}","templated":true}]}}