{"id":47499,"date":"2019-02-28T16:53:46","date_gmt":"2019-02-28T13:53:46","guid":{"rendered":"https:\/\/ramrolf.eu\/product\/new-product-4\/"},"modified":"2019-02-28T17:48:16","modified_gmt":"2019-02-28T14:48:16","slug":"caurumotajs-premium-lidz-70-lpp-melns","status":"publish","type":"product","link":"https:\/\/ramrolf.lv\/lv\/product\/caurumotajs-premium-lidz-70-lpp-melns\/","title":{"rendered":"Caurumot\u0101js PREMIUM l\u012bdz 70 lpp melns"},"content":{"rendered":"","protected":false},"excerpt":{"rendered":"<p>Jaud\u012bgs un dro\u0161s caurumot\u0101js liela pap\u012bru daudzuma perfor\u0113\u0161anai, perfor\u0113\u0161anas jauda \u2013 70 lap\u0101m. Stabila t\u0113rauda pamatne un perfor\u0113\u0161anas meh\u0101nisma. Korpusam ir gumijas ieliktnis, lai nov\u0113rstu sl\u012bd\u0113\u0161anu. \u0112rts v\u0101ci\u0146\u0161 izt\u012br\u012b\u0161anai.<\/p>\n","protected":false},"featured_media":47500,"template":"","meta":[],"product_cat":[959],"product_tag":[],"_links":{"self":[{"href":"https:\/\/ramrolf.lv\/lv\/wp-json\/wp\/v2\/product\/47499"}],"collection":[{"href":"https:\/\/ramrolf.lv\/lv\/wp-json\/wp\/v2\/product"}],"about":[{"href":"https:\/\/ramrolf.lv\/lv\/wp-json\/wp\/v2\/types\/product"}],"wp:featuredmedia":[{"embeddable":true,"href":"https:\/\/ramrolf.lv\/lv\/wp-json\/wp\/v2\/media\/47500"}],"wp:attachment":[{"href":"https:\/\/ramrolf.lv\/lv\/wp-json\/wp\/v2\/media?parent=47499"}],"wp:term":[{"taxonomy":"product_cat","embeddable":true,"href":"https:\/\/ramrolf.lv\/lv\/wp-json\/wp\/v2\/product_cat?post=47499"},{"taxonomy":"product_tag","embeddable":true,"href":"https:\/\/ramrolf.lv\/lv\/wp-json\/wp\/v2\/product_tag?post=47499"}],"curies":[{"name":"wp","href":"https:\/\/api.w.org\/{rel}","templated":true}]}}