{"id":47534,"date":"2019-02-28T17:52:09","date_gmt":"2019-02-28T14:52:09","guid":{"rendered":"https:\/\/ramrolf.eu\/product\/new-product-4\/"},"modified":"2019-02-28T17:53:17","modified_gmt":"2019-02-28T14:53:17","slug":"skavas-24-6-terauda","status":"publish","type":"product","link":"https:\/\/ramrolf.lv\/lv\/product\/skavas-24-6-terauda\/","title":{"rendered":"Skavas 24\/6, t\u0113rauda"},"content":{"rendered":"","protected":false},"excerpt":{"rendered":"<p>Katr\u0101 iepakojum\u0101 1000 gab.<\/p>\n","protected":false},"featured_media":47533,"template":"","meta":[],"product_cat":[957],"product_tag":[],"_links":{"self":[{"href":"https:\/\/ramrolf.lv\/lv\/wp-json\/wp\/v2\/product\/47534"}],"collection":[{"href":"https:\/\/ramrolf.lv\/lv\/wp-json\/wp\/v2\/product"}],"about":[{"href":"https:\/\/ramrolf.lv\/lv\/wp-json\/wp\/v2\/types\/product"}],"wp:featuredmedia":[{"embeddable":true,"href":"https:\/\/ramrolf.lv\/lv\/wp-json\/wp\/v2\/media\/47533"}],"wp:attachment":[{"href":"https:\/\/ramrolf.lv\/lv\/wp-json\/wp\/v2\/media?parent=47534"}],"wp:term":[{"taxonomy":"product_cat","embeddable":true,"href":"https:\/\/ramrolf.lv\/lv\/wp-json\/wp\/v2\/product_cat?post=47534"},{"taxonomy":"product_tag","embeddable":true,"href":"https:\/\/ramrolf.lv\/lv\/wp-json\/wp\/v2\/product_tag?post=47534"}],"curies":[{"name":"wp","href":"https:\/\/api.w.org\/{rel}","templated":true}]}}