{"id":47536,"date":"2019-02-28T17:55:43","date_gmt":"2019-02-28T14:55:43","guid":{"rendered":"https:\/\/ramrolf.eu\/product\/new-product-4\/"},"modified":"2019-02-28T17:57:35","modified_gmt":"2019-02-28T14:57:35","slug":"skavotajs-oxygen-zals","status":"publish","type":"product","link":"https:\/\/ramrolf.lv\/lv\/product\/skavotajs-oxygen-zals\/","title":{"rendered":"Skavot\u0101js OXYGEN, za\u013c\u0161"},"content":{"rendered":"","protected":false},"excerpt":{"rendered":"<p>Izmanto 24\/6 skavas, 15 lpp <\/p>\n","protected":false},"featured_media":47537,"template":"","meta":[],"product_cat":[956],"product_tag":[],"_links":{"self":[{"href":"https:\/\/ramrolf.lv\/lv\/wp-json\/wp\/v2\/product\/47536"}],"collection":[{"href":"https:\/\/ramrolf.lv\/lv\/wp-json\/wp\/v2\/product"}],"about":[{"href":"https:\/\/ramrolf.lv\/lv\/wp-json\/wp\/v2\/types\/product"}],"wp:featuredmedia":[{"embeddable":true,"href":"https:\/\/ramrolf.lv\/lv\/wp-json\/wp\/v2\/media\/47537"}],"wp:attachment":[{"href":"https:\/\/ramrolf.lv\/lv\/wp-json\/wp\/v2\/media?parent=47536"}],"wp:term":[{"taxonomy":"product_cat","embeddable":true,"href":"https:\/\/ramrolf.lv\/lv\/wp-json\/wp\/v2\/product_cat?post=47536"},{"taxonomy":"product_tag","embeddable":true,"href":"https:\/\/ramrolf.lv\/lv\/wp-json\/wp\/v2\/product_tag?post=47536"}],"curies":[{"name":"wp","href":"https:\/\/api.w.org\/{rel}","templated":true}]}}