{"id":47548,"date":"2019-02-28T18:09:40","date_gmt":"2019-02-28T15:09:40","guid":{"rendered":"https:\/\/ramrolf.eu\/product\/new-product-4\/"},"modified":"2019-02-28T18:10:36","modified_gmt":"2019-02-28T15:10:36","slug":"skavotajs-24-6-eko-s220hs-sarkans","status":"publish","type":"product","link":"https:\/\/ramrolf.lv\/lv\/product\/skavotajs-24-6-eko-s220hs-sarkans\/","title":{"rendered":"Skavot\u0101js 24\/6 EKO S220HS, sarkans"},"content":{"rendered":"","protected":false},"excerpt":{"rendered":"<p>\u201cDarba zirgs\u201d, vienk\u0101r\u0161s dizains. Dro\u0161s korpuss, piespie\u0161anas viet\u0101 kl\u0101ts ar plastmasu. Sastiprina l\u012bdz 20 lap\u0101m. J\u0101izmanto skavas 24\/6, 26\/6. Satveres dzi\u013cums 56 mm.<\/p>\n","protected":false},"featured_media":47546,"template":"","meta":[],"product_cat":[956],"product_tag":[],"_links":{"self":[{"href":"https:\/\/ramrolf.lv\/lv\/wp-json\/wp\/v2\/product\/47548"}],"collection":[{"href":"https:\/\/ramrolf.lv\/lv\/wp-json\/wp\/v2\/product"}],"about":[{"href":"https:\/\/ramrolf.lv\/lv\/wp-json\/wp\/v2\/types\/product"}],"wp:featuredmedia":[{"embeddable":true,"href":"https:\/\/ramrolf.lv\/lv\/wp-json\/wp\/v2\/media\/47546"}],"wp:attachment":[{"href":"https:\/\/ramrolf.lv\/lv\/wp-json\/wp\/v2\/media?parent=47548"}],"wp:term":[{"taxonomy":"product_cat","embeddable":true,"href":"https:\/\/ramrolf.lv\/lv\/wp-json\/wp\/v2\/product_cat?post=47548"},{"taxonomy":"product_tag","embeddable":true,"href":"https:\/\/ramrolf.lv\/lv\/wp-json\/wp\/v2\/product_tag?post=47548"}],"curies":[{"name":"wp","href":"https:\/\/api.w.org\/{rel}","templated":true}]}}