{"id":47549,"date":"2019-02-28T18:10:53","date_gmt":"2019-02-28T15:10:53","guid":{"rendered":"https:\/\/ramrolf.eu\/product\/new-product-4\/"},"modified":"2019-02-28T18:12:25","modified_gmt":"2019-02-28T15:12:25","slug":"atskavotajs-melns","status":"publish","type":"product","link":"https:\/\/ramrolf.lv\/lv\/product\/atskavotajs-melns\/","title":{"rendered":"Atskavot\u0101js melns"},"content":{"rendered":"","protected":false},"excerpt":{"rendered":"<p>Paredz\u0113ts skavu iz\u0146em\u0161anai. T\u0113rauda pamats, plastmasas saspied\u0113ji.<\/p>\n","protected":false},"featured_media":47550,"template":"","meta":[],"product_cat":[958],"product_tag":[],"_links":{"self":[{"href":"https:\/\/ramrolf.lv\/lv\/wp-json\/wp\/v2\/product\/47549"}],"collection":[{"href":"https:\/\/ramrolf.lv\/lv\/wp-json\/wp\/v2\/product"}],"about":[{"href":"https:\/\/ramrolf.lv\/lv\/wp-json\/wp\/v2\/types\/product"}],"wp:featuredmedia":[{"embeddable":true,"href":"https:\/\/ramrolf.lv\/lv\/wp-json\/wp\/v2\/media\/47550"}],"wp:attachment":[{"href":"https:\/\/ramrolf.lv\/lv\/wp-json\/wp\/v2\/media?parent=47549"}],"wp:term":[{"taxonomy":"product_cat","embeddable":true,"href":"https:\/\/ramrolf.lv\/lv\/wp-json\/wp\/v2\/product_cat?post=47549"},{"taxonomy":"product_tag","embeddable":true,"href":"https:\/\/ramrolf.lv\/lv\/wp-json\/wp\/v2\/product_tag?post=47549"}],"curies":[{"name":"wp","href":"https:\/\/api.w.org\/{rel}","templated":true}]}}