{"id":47560,"date":"2019-02-28T18:22:42","date_gmt":"2019-02-28T15:22:42","guid":{"rendered":"https:\/\/ramrolf.eu\/product\/new-product-4\/"},"modified":"2019-02-28T18:23:42","modified_gmt":"2019-02-28T15:23:42","slug":"skavotajs-nr10-standart-s110-melns","status":"publish","type":"product","link":"https:\/\/ramrolf.lv\/lv\/product\/skavotajs-nr10-standart-s110-melns\/","title":{"rendered":"Skavot\u0101js Nr10 STANDART S110, melns"},"content":{"rendered":"","protected":false},"excerpt":{"rendered":"<p>\u0112rts, miniat\u016brs biroja skavot\u0101js ar ergonomisku izcilni pirksta novieto\u0161anai. Atverams 180\u00ba le\u0146\u0137\u012b, t\u0101d\u0113j\u0101di ir iesp\u0113jams piestiprin\u0101t dokumentus pie biroja t\u0101feles. Apr\u012bkots ar met\u0101la l\u0101psti\u0146u skavu no\u0146em\u0161anai. Sastiprina l\u012bdz 10 lap\u0101m. J\u0101izmanto skavas N10. Satveres dzi\u013cums 50 mm.<\/p>\n","protected":false},"featured_media":47561,"template":"","meta":[],"product_cat":[956],"product_tag":[],"_links":{"self":[{"href":"https:\/\/ramrolf.lv\/lv\/wp-json\/wp\/v2\/product\/47560"}],"collection":[{"href":"https:\/\/ramrolf.lv\/lv\/wp-json\/wp\/v2\/product"}],"about":[{"href":"https:\/\/ramrolf.lv\/lv\/wp-json\/wp\/v2\/types\/product"}],"wp:featuredmedia":[{"embeddable":true,"href":"https:\/\/ramrolf.lv\/lv\/wp-json\/wp\/v2\/media\/47561"}],"wp:attachment":[{"href":"https:\/\/ramrolf.lv\/lv\/wp-json\/wp\/v2\/media?parent=47560"}],"wp:term":[{"taxonomy":"product_cat","embeddable":true,"href":"https:\/\/ramrolf.lv\/lv\/wp-json\/wp\/v2\/product_cat?post=47560"},{"taxonomy":"product_tag","embeddable":true,"href":"https:\/\/ramrolf.lv\/lv\/wp-json\/wp\/v2\/product_tag?post=47560"}],"curies":[{"name":"wp","href":"https:\/\/api.w.org\/{rel}","templated":true}]}}