{"id":47569,"date":"2019-02-28T18:31:50","date_gmt":"2019-02-28T15:31:50","guid":{"rendered":"https:\/\/ramrolf.eu\/product\/new-product-4\/"},"modified":"2019-02-28T18:32:39","modified_gmt":"2019-02-28T15:32:39","slug":"skavotajs-metal-parts-24-6-metala-peleks","status":"publish","type":"product","link":"https:\/\/ramrolf.lv\/lv\/product\/skavotajs-metal-parts-24-6-metala-peleks\/","title":{"rendered":"Skavot\u0101js METAL PARTS 24\/6 , met\u0101la, pel\u0113ks"},"content":{"rendered":"","protected":false},"excerpt":{"rendered":"<p>saskavo l\u012bdz 25 lpp <\/p>\n","protected":false},"featured_media":47567,"template":"","meta":[],"product_cat":[956],"product_tag":[],"_links":{"self":[{"href":"https:\/\/ramrolf.lv\/lv\/wp-json\/wp\/v2\/product\/47569"}],"collection":[{"href":"https:\/\/ramrolf.lv\/lv\/wp-json\/wp\/v2\/product"}],"about":[{"href":"https:\/\/ramrolf.lv\/lv\/wp-json\/wp\/v2\/types\/product"}],"wp:featuredmedia":[{"embeddable":true,"href":"https:\/\/ramrolf.lv\/lv\/wp-json\/wp\/v2\/media\/47567"}],"wp:attachment":[{"href":"https:\/\/ramrolf.lv\/lv\/wp-json\/wp\/v2\/media?parent=47569"}],"wp:term":[{"taxonomy":"product_cat","embeddable":true,"href":"https:\/\/ramrolf.lv\/lv\/wp-json\/wp\/v2\/product_cat?post=47569"},{"taxonomy":"product_tag","embeddable":true,"href":"https:\/\/ramrolf.lv\/lv\/wp-json\/wp\/v2\/product_tag?post=47569"}],"curies":[{"name":"wp","href":"https:\/\/api.w.org\/{rel}","templated":true}]}}