{"id":47584,"date":"2019-02-28T18:46:57","date_gmt":"2019-02-28T15:46:57","guid":{"rendered":"https:\/\/ramrolf.eu\/product\/new-product-4\/"},"modified":"2019-02-28T18:48:27","modified_gmt":"2019-02-28T15:48:27","slug":"galda-organizators-melns","status":"publish","type":"product","link":"https:\/\/ramrolf.lv\/lv\/product\/galda-organizators-melns\/","title":{"rendered":"Galda organiz\u0101tors , melns"},"content":{"rendered":"","protected":false},"excerpt":{"rendered":"<p>Satur 9 da\u017e\u0101dus kancelejas priek\u0161metus, kop\u0113jais priek\u0161metu skaits 11. <\/p>\n","protected":false},"featured_media":47585,"template":"","meta":[],"product_cat":[966],"product_tag":[],"_links":{"self":[{"href":"https:\/\/ramrolf.lv\/lv\/wp-json\/wp\/v2\/product\/47584"}],"collection":[{"href":"https:\/\/ramrolf.lv\/lv\/wp-json\/wp\/v2\/product"}],"about":[{"href":"https:\/\/ramrolf.lv\/lv\/wp-json\/wp\/v2\/types\/product"}],"wp:featuredmedia":[{"embeddable":true,"href":"https:\/\/ramrolf.lv\/lv\/wp-json\/wp\/v2\/media\/47585"}],"wp:attachment":[{"href":"https:\/\/ramrolf.lv\/lv\/wp-json\/wp\/v2\/media?parent=47584"}],"wp:term":[{"taxonomy":"product_cat","embeddable":true,"href":"https:\/\/ramrolf.lv\/lv\/wp-json\/wp\/v2\/product_cat?post=47584"},{"taxonomy":"product_tag","embeddable":true,"href":"https:\/\/ramrolf.lv\/lv\/wp-json\/wp\/v2\/product_tag?post=47584"}],"curies":[{"name":"wp","href":"https:\/\/api.w.org\/{rel}","templated":true}]}}