{"id":47602,"date":"2019-03-01T12:23:46","date_gmt":"2019-03-01T09:23:46","guid":{"rendered":"https:\/\/ramrolf.eu\/product\/new-product-4\/"},"modified":"2019-03-01T12:30:34","modified_gmt":"2019-03-01T09:30:34","slug":"sadalitajs-dokumentiem-forpus-krievu-alf-plastikata-a4","status":"publish","type":"product","link":"https:\/\/ramrolf.lv\/lv\/product\/sadalitajs-dokumentiem-forpus-krievu-alf-plastikata-a4\/","title":{"rendered":"Sadal\u012bt\u0101js dokumentiem FORPUS krievu alf. plastik\u0101ta A4"},"content":{"rendered":"","protected":false},"excerpt":{"rendered":"","protected":false},"featured_media":47593,"template":"","meta":[],"product_cat":[943],"product_tag":[],"_links":{"self":[{"href":"https:\/\/ramrolf.lv\/lv\/wp-json\/wp\/v2\/product\/47602"}],"collection":[{"href":"https:\/\/ramrolf.lv\/lv\/wp-json\/wp\/v2\/product"}],"about":[{"href":"https:\/\/ramrolf.lv\/lv\/wp-json\/wp\/v2\/types\/product"}],"wp:featuredmedia":[{"embeddable":true,"href":"https:\/\/ramrolf.lv\/lv\/wp-json\/wp\/v2\/media\/47593"}],"wp:attachment":[{"href":"https:\/\/ramrolf.lv\/lv\/wp-json\/wp\/v2\/media?parent=47602"}],"wp:term":[{"taxonomy":"product_cat","embeddable":true,"href":"https:\/\/ramrolf.lv\/lv\/wp-json\/wp\/v2\/product_cat?post=47602"},{"taxonomy":"product_tag","embeddable":true,"href":"https:\/\/ramrolf.lv\/lv\/wp-json\/wp\/v2\/product_tag?post=47602"}],"curies":[{"name":"wp","href":"https:\/\/api.w.org\/{rel}","templated":true}]}}